{"id":996,"date":"2020-01-02T23:15:09","date_gmt":"2020-01-02T22:15:09","guid":{"rendered":"http:\/\/bkb.boleslawiec.pl\/?page_id=996"},"modified":"2021-12-29T21:35:32","modified_gmt":"2021-12-29T20:35:32","slug":"2020-2","status":"publish","type":"page","link":"https:\/\/bkb.boleslawiec.pl\/?page_id=996","title":{"rendered":"2020-2021"},"content":{"rendered":"<h3 style=\"text-align: center;\"><b>Turnieje poniedzia\u0142kowe<\/b><\/h3>\n<h4 style=\"text-align: left;\" align=\"center\">2021<\/h4>\n<table border=\"0\" width=\"400\">\n<tbody>\n<tr>\n<td width=\"93\">grudzie\u0144<\/td>\n<td width=\"60\"><a href=\"https:\/\/bkb.boleslawiec.pl\/wyniki\/2021\/211206\/\" target=\"_blank\" rel=\"noopener\">6<\/a><\/td>\n<td width=\"60\"><a href=\"https:\/\/bkb.boleslawiec.pl\/wyniki\/2021\/211213\/\" target=\"_blank\" rel=\"noopener\">13<\/a><\/td>\n<td width=\"61\"><a href=\"https:\/\/bkb.boleslawiec.pl\/wyniki\/2021\/211220\/\" target=\"_blank\" rel=\"noopener\">20<\/a><\/td>\n<td width=\"61\"><a href=\"https:\/\/bkb.boleslawiec.pl\/wyniki\/2021\/211227\/\" target=\"_blank\" rel=\"noopener\">27<\/a><\/td>\n<td width=\"61\"><\/td>\n<\/tr>\n<tr>\n<td width=\"93\">listopad<\/td>\n<td width=\"60\"><a href=\"https:\/\/bkb.boleslawiec.pl\/wyniki\/2021\/211102\/\" target=\"_blank\" rel=\"noopener\">2<\/a><\/td>\n<td width=\"60\"><a href=\"https:\/\/bkb.boleslawiec.pl\/wyniki\/2021\/211108\/\" target=\"_blank\" rel=\"noopener\">8<\/a><\/td>\n<td width=\"61\"><a href=\"https:\/\/bkb.boleslawiec.pl\/wyniki\/2021\/211115\/\" target=\"_blank\" rel=\"noopener\">15<\/a><\/td>\n<td width=\"61\"><a href=\"https:\/\/bkb.boleslawiec.pl\/wyniki\/2021\/211123\/\" target=\"_blank\" rel=\"noopener\">23<\/a><\/td>\n<td width=\"61\"><a href=\"https:\/\/bkb.boleslawiec.pl\/wyniki\/2021\/211129\/\" target=\"_blank\" rel=\"noopener\">29<\/a><\/td>\n<\/tr>\n<tr>\n<td width=\"93\">pa\u017adziernik<\/td>\n<td width=\"60\"><a href=\"https:\/\/bkb.boleslawiec.pl\/wyniki\/2021\/211004\/\" target=\"_blank\" rel=\"noopener\">4<\/a><\/td>\n<td width=\"60\"><a href=\"https:\/\/bkb.boleslawiec.pl\/wyniki\/2021\/211011\/\" target=\"_blank\" rel=\"noopener\">11<\/a><\/td>\n<td width=\"61\"><a href=\"https:\/\/bkb.boleslawiec.pl\/wyniki\/2021\/211018\/\" target=\"_blank\" rel=\"noopener\">18<\/a><\/td>\n<td width=\"61\"><a href=\"https:\/\/bkb.boleslawiec.pl\/wyniki\/2021\/211025\/\" target=\"_blank\" rel=\"noopener\">25<\/a><\/td>\n<td width=\"61\"><\/td>\n<\/tr>\n<tr>\n<td width=\"93\">wrzesie\u0144<\/td>\n<td width=\"60\"><a href=\"https:\/\/bkb.boleslawiec.pl\/wyniki\/2021\/210906\/\" target=\"_blank\" rel=\"noopener\">6<\/a><\/td>\n<td width=\"60\">\u00a0<a href=\"https:\/\/bkb.boleslawiec.pl\/wyniki\/2021\/210913\/\" target=\"_blank\" rel=\"noopener\">13<\/a><\/td>\n<td width=\"61\"><a href=\"https:\/\/bkb.boleslawiec.pl\/wyniki\/2021\/210920\/\" target=\"_blank\" rel=\"noopener\">20<\/a><\/td>\n<td width=\"61\"><a href=\"https:\/\/bkb.boleslawiec.pl\/wyniki\/2021\/210927\/\" target=\"_blank\" rel=\"noopener\">27<\/a><\/td>\n<td width=\"61\"><\/td>\n<\/tr>\n<tr>\n<td width=\"93\">sierpie\u0144<\/td>\n<td width=\"60\"><a href=\"https:\/\/bkb.boleslawiec.pl\/wyniki\/2021\/210802\/\" target=\"_blank\" rel=\"noopener\">2<\/a><\/td>\n<td width=\"60\">\u00a0<a href=\"https:\/\/bkb.boleslawiec.pl\/wyniki\/2021\/210809\" target=\"_blank\" rel=\"noopener\">9<\/a><\/td>\n<td width=\"61\"><a href=\"https:\/\/bkb.boleslawiec.pl\/wyniki\/2021\/210816\/\" target=\"_blank\" rel=\"noopener\">16<\/a><\/td>\n<td width=\"61\"><a href=\"https:\/\/bkb.boleslawiec.pl\/wyniki\/2021\/210823\/\" target=\"_blank\" rel=\"noopener\">23<\/a><\/td>\n<td width=\"61\"><a href=\"https:\/\/bkb.boleslawiec.pl\/wyniki\/2021\/210830\/\" target=\"_blank\" rel=\"noopener\">30<\/a><\/td>\n<\/tr>\n<tr>\n<td width=\"93\">lipiec<\/td>\n<td width=\"60\"><a href=\"https:\/\/bkb.boleslawiec.pl\/wyniki\/2021\/210705\/\" target=\"_blank\" rel=\"noopener\">5<\/a><\/td>\n<td width=\"60\">\u00a0<a href=\"https:\/\/bkb.boleslawiec.pl\/wyniki\/2021\/210712\/\" target=\"_blank\" rel=\"noopener\">12<\/a><\/td>\n<td width=\"61\">\u00a0<a href=\"https:\/\/bkb.boleslawiec.pl\/wyniki\/2021\/210719\/\" target=\"_blank\" rel=\"noopener\">19<\/a><\/td>\n<td width=\"61\">\u00a0<a href=\"https:\/\/bkb.boleslawiec.pl\/wyniki\/2021\/210726\/\" target=\"_blank\" rel=\"noopener\">26<\/a><\/td>\n<td width=\"61\"><\/td>\n<\/tr>\n<tr>\n<td width=\"93\">czerwiec<\/td>\n<td width=\"60\"><a href=\"https:\/\/bkb.boleslawiec.pl\/wyniki\/2021\/210614\/\" target=\"_blank\" rel=\"noopener\">14<\/a><\/td>\n<td width=\"60\">\u00a0<a href=\"https:\/\/bkb.boleslawiec.pl\/wyniki\/2021\/210621\/\" target=\"_blank\" rel=\"noopener\">21<\/a><\/td>\n<td width=\"61\">\u00a0<a href=\"https:\/\/bkb.boleslawiec.pl\/wyniki\/2021\/210628\/W-bc210628.html\" target=\"_blank\" rel=\"noopener\">28<\/a><\/td>\n<td width=\"61\"><\/td>\n<td width=\"61\"><\/td>\n<\/tr>\n<\/tbody>\n<\/table>\n<h3 align=\"center\">Punktacja d\u0142ugofalowa<\/h3>\n<table border=\"0\" width=\"400\">\n<tbody>\n<tr>\n<td width=\"17%\" height=\"1\"><a href=\"https:\/\/bkb.boleslawiec.pl\/wyniki\/2021\/lip-sie\/\" target=\"_blank\" rel=\"noopener\">lipiec-sierpie\u0144<\/a><\/td>\n<td width=\"25%\" height=\"1\"><a href=\"https:\/\/bkb.boleslawiec.pl\/wyniki\/2021\/wrz-paz\/\" target=\"_blank\" rel=\"noopener\">wrzesie\u0144-pa\u017adziernik<\/a><\/td>\n<td width=\"21%\" height=\"1\"><a href=\"https:\/\/bkb.boleslawiec.pl\/wyniki\/2021\/lis-gru\/\" target=\"_blank\" rel=\"noopener\">listopad-grudzie\u0144<\/a><\/td>\n<\/tr>\n<\/tbody>\n<\/table>\n<h3 align=\"center\"><b>Turnieje czwartkowe<\/b><\/h3>\n<div align=\"center\">\n<table border=\"0\" width=\"400\">\n<tbody>\n<tr>\n<td width=\"93\">grudzie\u0144<\/td>\n<td width=\"60\"><a href=\"https:\/\/bkb.boleslawiec.pl\/wyniki\/2021\/211202\/\" target=\"_blank\" rel=\"noopener\">2<\/a><\/td>\n<td width=\"60\">\u00a0<a href=\"https:\/\/bkb.boleslawiec.pl\/wyniki\/2021\/211209\/\" target=\"_blank\" rel=\"noopener\">9<\/a><\/td>\n<td width=\"61\">\u00a0<a href=\"https:\/\/bkb.boleslawiec.pl\/wyniki\/2021\/211216\/\" target=\"_blank\" rel=\"noopener\">16<\/a><\/td>\n<td width=\"61\"><a href=\"https:\/\/bkb.boleslawiec.pl\/wyniki\/2021\/211223\/\" target=\"_blank\" rel=\"noopener\">23<\/a><\/td>\n<td width=\"61\"><a href=\"https:\/\/bkb.boleslawiec.pl\/wyniki\/2021\/211229\/\" target=\"_blank\" rel=\"noopener\">29<\/a><\/td>\n<\/tr>\n<tr>\n<td width=\"93\">listopad<\/td>\n<td width=\"60\"><a href=\"https:\/\/bkb.boleslawiec.pl\/wyniki\/2021\/211104\/\" target=\"_blank\" rel=\"noopener\">4<\/a><\/td>\n<td width=\"60\"><a href=\"https:\/\/bkb.boleslawiec.pl\/wyniki\/2021\/211110\/\" target=\"_blank\" rel=\"noopener\">10<\/a><\/td>\n<td width=\"61\"><a href=\"https:\/\/bkb.boleslawiec.pl\/wyniki\/2021\/211118\/\" target=\"_blank\" rel=\"noopener\">18<\/a><\/td>\n<td width=\"61\"><a href=\"https:\/\/bkb.boleslawiec.pl\/wyniki\/2021\/211125\/\" target=\"_blank\" rel=\"noopener\">25<\/a><\/td>\n<td width=\"61\"><\/td>\n<\/tr>\n<tr>\n<td width=\"93\">pa\u017adziernik<\/td>\n<td width=\"60\"><a href=\"https:\/\/bkb.boleslawiec.pl\/wyniki\/2021\/211007\/\" target=\"_blank\" rel=\"noopener\">7<\/a><\/td>\n<td width=\"60\"><a href=\"https:\/\/bkb.boleslawiec.pl\/wyniki\/2021\/211014\/\" target=\"_blank\" rel=\"noopener\">14<\/a><\/td>\n<td width=\"61\"><a href=\"https:\/\/bkb.boleslawiec.pl\/wyniki\/2021\/211021\/\" target=\"_blank\" rel=\"noopener\">21<\/a><\/td>\n<td width=\"61\"><a href=\"https:\/\/bkb.boleslawiec.pl\/wyniki\/2021\/211028\/\" target=\"_blank\" rel=\"noopener\">28<\/a><\/td>\n<td width=\"61\"><\/td>\n<\/tr>\n<tr>\n<td width=\"93\">wrzesie\u0144<\/td>\n<td width=\"60\"><a href=\"https:\/\/bkb.boleslawiec.pl\/wyniki\/2021\/210902\/\" target=\"_blank\" rel=\"noopener\">2<\/a><\/td>\n<td width=\"60\"><a href=\"https:\/\/bkb.boleslawiec.pl\/wyniki\/2021\/210909\/\" target=\"_blank\" rel=\"noopener\">9<\/a><\/td>\n<td width=\"61\"><a href=\"https:\/\/bkb.boleslawiec.pl\/wyniki\/2021\/210916\/W-bc210916.html\" target=\"_blank\" rel=\"noopener\">16<\/a><\/td>\n<td width=\"61\"><a href=\"https:\/\/bkb.boleslawiec.pl\/wyniki\/2021\/210923\/\" target=\"_blank\" rel=\"noopener\">23<\/a><\/td>\n<td width=\"61\">\u00a0<a href=\"https:\/\/bkb.boleslawiec.pl\/wyniki\/2021\/210930\/\" target=\"_blank\" rel=\"noopener\">30<\/a><\/td>\n<\/tr>\n<tr>\n<td width=\"93\">sierpie\u0144<\/td>\n<td width=\"60\"><a href=\"https:\/\/bkb.boleslawiec.pl\/wyniki\/2021\/210805\/\" target=\"_blank\" rel=\"noopener\">5<\/a><\/td>\n<td width=\"60\"><a href=\"https:\/\/bkb.boleslawiec.pl\/wyniki\/2021\/210812\/\" target=\"_blank\" rel=\"noopener\">12<\/a><\/td>\n<td width=\"61\"><a href=\"https:\/\/bkb.boleslawiec.pl\/wyniki\/2021\/210819\/\" target=\"_blank\" rel=\"noopener\">19<\/a><\/td>\n<td width=\"61\"><a href=\"https:\/\/bkb.boleslawiec.pl\/wyniki\/2021\/210826\/\" target=\"_blank\" rel=\"noopener\">26<\/a><\/td>\n<td width=\"61\"><\/td>\n<\/tr>\n<tr>\n<td width=\"93\">lipiec<\/td>\n<td width=\"60\"><a href=\"https:\/\/bkb.boleslawiec.pl\/wyniki\/2021\/210701\/\" target=\"_blank\" rel=\"noopener\">1<\/a><\/td>\n<td width=\"60\">\u00a0<a href=\"https:\/\/bkb.boleslawiec.pl\/wyniki\/2021\/210708\/W-bc210708.html\" target=\"_blank\" rel=\"noopener\">8<\/a><\/td>\n<td width=\"61\"><a href=\"https:\/\/bkb.boleslawiec.pl\/wyniki\/2021\/210715\/\" target=\"_blank\" rel=\"noopener\">15<\/a><\/td>\n<td width=\"61\">\u00a0<a href=\"https:\/\/bkb.boleslawiec.pl\/wyniki\/2021\/210722\/\" target=\"_blank\" rel=\"noopener\">22<\/a><\/td>\n<td width=\"61\">\u00a0<a href=\"https:\/\/bkb.boleslawiec.pl\/wyniki\/2021\/210729\/\" target=\"_blank\" rel=\"noopener\">29<\/a><\/td>\n<\/tr>\n<tr>\n<td width=\"94\">czerwiec<\/td>\n<td width=\"60\"><a href=\"https:\/\/bkb.boleslawiec.pl\/wyniki\/2021\/210617\/\" target=\"_blank\" rel=\"noopener\">17<\/a><\/td>\n<td width=\"60\"><\/td>\n<td width=\"61\"><\/td>\n<td width=\"61\"><\/td>\n<td width=\"61\"><\/td>\n<\/tr>\n<\/tbody>\n<\/table>\n<\/div>\n<h4 style=\"text-align: left;\" align=\"center\">2020<\/h4>\n<table border=\"0\" width=\"400\">\n<tbody>\n<tr>\n<td width=\"93\">marzec<\/td>\n<td width=\"60\"><a href=\"https:\/\/bkb.boleslawiec.pl\/wyniki\/2020\/200302\/\" target=\"_blank\" rel=\"noopener\">2<\/a><\/td>\n<td width=\"60\"><a href=\"https:\/\/bkb.boleslawiec.pl\/wyniki\/2020\/200309\/\" target=\"_blank\" rel=\"noopener\">9<\/a><\/td>\n<td width=\"61\"><\/td>\n<td width=\"61\"><\/td>\n<td width=\"61\"><\/td>\n<\/tr>\n<tr>\n<td width=\"93\">luty<\/td>\n<td width=\"60\"><a href=\"https:\/\/bkb.boleslawiec.pl\/wyniki\/2020\/200203\/\" target=\"_blank\" rel=\"noopener\">3<\/a><\/td>\n<td width=\"60\"><a href=\"https:\/\/bkb.boleslawiec.pl\/wyniki\/2020\/200210\/\" target=\"_blank\" rel=\"noopener\">10<\/a><\/td>\n<td width=\"61\"><a href=\"wyniki\/2020\/200217\/W-bc200217.html\" target=\"_blank\" rel=\"noopener\">17<\/a><\/td>\n<td width=\"61\"><a href=\"wyniki\/2020\/200224\" target=\"_blank\" rel=\"noopener\">24<\/a><\/td>\n<td width=\"61\"><\/td>\n<\/tr>\n<tr>\n<td width=\"93\">stycze\u0144<\/td>\n<td width=\"60\"><a href=\"https:\/\/bkb.boleslawiec.pl\/wyniki\/2020\/200107\/\" target=\"_blank\" rel=\"noopener\">7<\/a><\/td>\n<td width=\"60\"><a href=\"https:\/\/bkb.boleslawiec.pl\/wyniki\/2020\/200113\/\" target=\"_blank\" rel=\"noopener\">13<\/a><\/td>\n<td width=\"61\"><a href=\"https:\/\/bkb.boleslawiec.pl\/wyniki\/2020\/200120\/\" target=\"_blank\" rel=\"noopener\">20<\/a><\/td>\n<td width=\"61\"><a href=\"https:\/\/bkb.boleslawiec.pl\/wyniki\/2020\/200127\/\" target=\"_blank\" rel=\"noopener\">27<\/a><\/td>\n<td width=\"61\"><\/td>\n<\/tr>\n<\/tbody>\n<\/table>\n<h3 align=\"center\">Punktacja d\u0142ugofalowa<\/h3>\n<div align=\"center\">\n<table border=\"0\" width=\"400\">\n<tbody>\n<tr>\n<td width=\"17%\" height=\"1\"><a href=\"https:\/\/bkb.boleslawiec.pl\/wyniki\/2020\/fala0102.html\" target=\"_blank\" rel=\"noopener\">stycze\u0144 &#8211; luty<\/a><\/td>\n<td width=\"25%\" height=\"1\"><\/td>\n<td width=\"21%\" height=\"1\"><\/td>\n<\/tr>\n<\/tbody>\n<\/table>\n<\/div>\n<h3 align=\"center\"><b>Turnieje czwartkowe<\/b><\/h3>\n<div align=\"center\">\n<table border=\"0\" width=\"400\">\n<tbody>\n<tr>\n<td width=\"94\">marzec<\/td>\n<td width=\"60\"><a href=\"https:\/\/bkb.boleslawiec.pl\/wyniki\/2020\/200305\/\" target=\"_blank\" rel=\"noopener\">5<\/a><\/td>\n<td width=\"60\"><\/td>\n<td width=\"61\"><\/td>\n<td width=\"61\"><\/td>\n<td width=\"61\"><\/td>\n<\/tr>\n<tr>\n<td width=\"94\">luty<\/td>\n<td width=\"60\"><a href=\"https:\/\/bkb.boleslawiec.pl\/wyniki\/2020\/200206\/\" target=\"_blank\" rel=\"noopener\">6<\/a><\/td>\n<td width=\"60\"><a href=\"https:\/\/bkb.boleslawiec.pl\/wyniki\/2020\/200213\/\" target=\"_blank\" rel=\"noopener\">13<\/a><\/td>\n<td width=\"61\"><a href=\"wyniki\/2020\/200219\/W-bc200219.html\" target=\"_blank\" rel=\"noopener\">19<\/a><\/td>\n<td width=\"61\"><a href=\"wyniki\/2020\/200227\" target=\"_blank\" rel=\"noopener\">27<\/a><\/td>\n<td width=\"61\"><\/td>\n<\/tr>\n<tr>\n<td width=\"94\">stycze\u0144<\/td>\n<td width=\"60\"><a href=\"wyniki\/2019\/200102\" target=\"_blank\" rel=\"noopener\">2<\/a><\/td>\n<td width=\"60\"><a href=\"wyniki\/2020\/200109\/W-bc200109.html\" target=\"_blank\" rel=\"noopener\">9<\/a><\/td>\n<td width=\"61\"><a href=\"wyniki\/2020\/200116\" target=\"_blank\" rel=\"noopener\">16<\/a><\/td>\n<td width=\"61\"><a href=\"wyniki\/2020\/200123\" target=\"_blank\" rel=\"noopener\">23<\/a><\/td>\n<td width=\"61\">\u00a0<a href=\"wyniki\/2020\/200130\" target=\"_blank\" rel=\"noopener\">30<\/a><\/td>\n<\/tr>\n<\/tbody>\n<\/table>\n<\/div>\n<p>&nbsp;<\/p>\n","protected":false},"excerpt":{"rendered":"<p>Turnieje poniedzia\u0142kowe 2021 grudzie\u0144 6 13 20 27 listopad 2 8 15 23 29 pa\u017adziernik 4 11 18 25 wrzesie\u0144 6 \u00a013 20 27 sierpie\u0144 2 \u00a09 16 23 30 lipiec 5 \u00a012 \u00a019 \u00a026 czerwiec 14 \u00a021 \u00a028 Punktacja d\u0142ugofalowa lipiec-sierpie\u0144 wrzesie\u0144-pa\u017adziernik listopad-grudzie\u0144 Turnieje czwartkowe grudzie\u0144 2 \u00a09 \u00a016 23 29 listopad 4 10 &hellip; <a href=\"https:\/\/bkb.boleslawiec.pl\/?page_id=996\" class=\"more-link\">Czytaj dalej <span class=\"screen-reader-text\">2020-2021<\/span><\/a><\/p>\n","protected":false},"author":2,"featured_media":0,"parent":0,"menu_order":0,"comment_status":"closed","ping_status":"closed","template":"","meta":[],"_links":{"self":[{"href":"https:\/\/bkb.boleslawiec.pl\/index.php?rest_route=\/wp\/v2\/pages\/996"}],"collection":[{"href":"https:\/\/bkb.boleslawiec.pl\/index.php?rest_route=\/wp\/v2\/pages"}],"about":[{"href":"https:\/\/bkb.boleslawiec.pl\/index.php?rest_route=\/wp\/v2\/types\/page"}],"author":[{"embeddable":true,"href":"https:\/\/bkb.boleslawiec.pl\/index.php?rest_route=\/wp\/v2\/users\/2"}],"replies":[{"embeddable":true,"href":"https:\/\/bkb.boleslawiec.pl\/index.php?rest_route=%2Fwp%2Fv2%2Fcomments&post=996"}],"version-history":[{"count":99,"href":"https:\/\/bkb.boleslawiec.pl\/index.php?rest_route=\/wp\/v2\/pages\/996\/revisions"}],"predecessor-version":[{"id":1144,"href":"https:\/\/bkb.boleslawiec.pl\/index.php?rest_route=\/wp\/v2\/pages\/996\/revisions\/1144"}],"wp:attachment":[{"href":"https:\/\/bkb.boleslawiec.pl\/index.php?rest_route=%2Fwp%2Fv2%2Fmedia&parent=996"}],"curies":[{"name":"wp","href":"https:\/\/api.w.org\/{rel}","templated":true}]}}