{"id":839,"date":"2019-01-04T15:10:14","date_gmt":"2019-01-04T14:10:14","guid":{"rendered":"http:\/\/bkb.boleslawiec.pl\/?page_id=839"},"modified":"2019-12-30T22:06:55","modified_gmt":"2019-12-30T21:06:55","slug":"2019-2","status":"publish","type":"page","link":"https:\/\/bkb.boleslawiec.pl\/?page_id=839","title":{"rendered":"2019"},"content":{"rendered":"<h3><b>Turnieje poniedzia\u0142kowe<\/b><\/h3>\n<div align=\"center\">\n<table border=\"0\" width=\"400\">\n<tbody>\n<tr>\n<td width=\"93\">grudzie\u0144<\/td>\n<td width=\"60\"><a href=\"wyniki\/2019\/191202\" target=\"_blank\" rel=\"noopener\">2<\/a><\/td>\n<td width=\"60\"><a href=\"wyniki\/2019\/191209\" target=\"_blank\" rel=\"noopener\">9<\/a><\/td>\n<td width=\"61\"><a href=\"wyniki\/2019\/191216\" target=\"_blank\" rel=\"noopener\">16<\/a><\/td>\n<td width=\"61\"><a href=\"wyniki\/2019\/191223\" target=\"_blank\" rel=\"noopener\">23<\/a><\/td>\n<td width=\"61\"><a href=\"wyniki\/2019\/191230\" target=\"_blank\" rel=\"noopener\">30<\/a><\/td>\n<\/tr>\n<tr>\n<td width=\"93\">listopad<\/td>\n<td width=\"60\"><a href=\"wyniki\/2019\/191104\" target=\"_blank\" rel=\"noopener\">4<\/a><\/td>\n<td width=\"60\"><a href=\"wyniki\/2019\/191112\" target=\"_blank\" rel=\"noopener\">12<\/a><\/td>\n<td width=\"61\"><a href=\"wyniki\/2019\/191118\" target=\"_blank\" rel=\"noopener\">18<\/a><\/td>\n<td width=\"61\"><a href=\"wyniki\/2019\/191125\" target=\"_blank\" rel=\"noopener\">25<\/a><\/td>\n<td width=\"61\"><\/td>\n<\/tr>\n<tr>\n<td width=\"93\">pa\u017adziernik<\/td>\n<td width=\"60\"><a href=\"wyniki\/2019\/191007\" target=\"_blank\" rel=\"noopener\">7<\/a><\/td>\n<td width=\"60\"><a href=\"wyniki\/2019\/191014\" target=\"_blank\" rel=\"noopener\">14<\/a><\/td>\n<td width=\"61\"><a href=\"wyniki\/2019\/191021\" target=\"_blank\" rel=\"noopener\">21<\/a><\/td>\n<td width=\"61\"><a href=\"wyniki\/2019\/191028\" target=\"_blank\" rel=\"noopener\">28<\/a><\/td>\n<td width=\"61\"><\/td>\n<\/tr>\n<tr>\n<td width=\"93\">wrzesie\u0144<\/td>\n<td width=\"60\"><a href=\"wyniki\/2019\/190902\" target=\"_blank\" rel=\"noopener\">2<\/a><\/td>\n<td width=\"60\"><a href=\"wyniki\/2019\/190909\" target=\"_blank\" rel=\"noopener\">9<\/a><\/td>\n<td width=\"61\"><a href=\"wyniki\/2019\/190916\/\" target=\"_blank\" rel=\"noopener\">16<\/a><\/td>\n<td width=\"61\"><a href=\"wyniki\/2019\/190923\/\" target=\"_blank\" rel=\"noopener\">23<\/a><\/td>\n<td width=\"61\"><a href=\"wyniki\/2019\/190930\/\" target=\"_blank\" rel=\"noopener\">30<\/a><\/td>\n<\/tr>\n<tr>\n<td width=\"93\">sierpie\u0144<\/td>\n<td width=\"60\"><a href=\"wyniki\/2019\/190805\" target=\"_blank\" rel=\"noopener\">5<\/a><\/td>\n<td width=\"60\"><a href=\"wyniki\/2019\/190812\" target=\"_blank\" rel=\"noopener\">12<\/a><\/td>\n<td width=\"61\"><a href=\"wyniki\/2019\/190819\" target=\"_blank\" rel=\"noopener\">19<\/a><\/td>\n<td width=\"61\"><a href=\"wyniki\/2019\/190826\" target=\"_blank\" rel=\"noopener\">26<\/a><\/td>\n<td width=\"61\"><\/td>\n<\/tr>\n<tr>\n<td width=\"93\">lipiec<\/td>\n<td width=\"60\"><a href=\"wyniki\/2019\/190708\/W-bc190708.html\" target=\"_blank\" rel=\"noopener\">8<\/a><\/td>\n<td width=\"60\"><a href=\"wyniki\/2019\/190715\" target=\"_blank\" rel=\"noopener\">15<\/a><\/td>\n<td width=\"61\"><a href=\"wyniki\/2019\/190722\" target=\"_blank\" rel=\"noopener\">22<\/a><\/td>\n<td width=\"61\"><a href=\"wyniki\/2019\/190729\" target=\"_blank\" rel=\"noopener\">29<\/a><\/td>\n<td width=\"61\"><\/td>\n<\/tr>\n<tr>\n<td width=\"93\">czerwiec<\/td>\n<td width=\"60\"><a href=\"wyniki\/2019\/190603\/W-bc190603.html\" target=\"_blank\" rel=\"noopener\">3<\/a><\/td>\n<td width=\"60\"><a href=\"wyniki\/2019\/190610\/W-bc190610.html\" target=\"_blank\" rel=\"noopener\">10<\/a><\/td>\n<td width=\"61\"><a href=\"wyniki\/2019\/190617\/W-bc190617.html\" target=\"_blank\" rel=\"noopener\">17<\/a><\/td>\n<td width=\"61\"><a href=\"wyniki\/2019\/190624\/W-bc190624.html\" target=\"_blank\" rel=\"noopener\">24<\/a><\/td>\n<td width=\"61\"><\/td>\n<\/tr>\n<tr>\n<td width=\"93\">maj<\/td>\n<td width=\"60\"><a href=\"wyniki\/2019\/190506\/W-bc190506.html\" target=\"_blank\" rel=\"noopener\">6<\/a><\/td>\n<td width=\"60\"><a href=\"wyniki\/2019\/190513\/W-bc190513.html\" target=\"_blank\" rel=\"noopener\">13<\/a><\/td>\n<td width=\"61\"><a href=\"wyniki\/2019\/190520\/W-bc190520.html\" target=\"_blank\" rel=\"noopener\">20<\/a><\/td>\n<td width=\"61\"><a href=\"wyniki\/2019\/190527\/W-bc190527.html\" target=\"_blank\" rel=\"noopener\">27<\/a><\/td>\n<td width=\"61\"><\/td>\n<\/tr>\n<tr>\n<td width=\"93\">kwiecie\u0144<\/td>\n<td width=\"60\"><a href=\"wyniki\/2019\/190401\/W-bc190401.html\" target=\"_blank\" rel=\"noopener\">1<\/a><\/td>\n<td width=\"60\"><a href=\"wyniki\/2019\/190408\/W-bc190408.html\" target=\"_blank\" rel=\"noopener\">8<\/a><\/td>\n<td width=\"61\"><a href=\"wyniki\/2019\/190415\/W-bc190415.html\" target=\"_blank\" rel=\"noopener\">15<\/a><\/td>\n<td width=\"61\"><a href=\"wyniki\/2019\/190423\/W-bc190423.html\" target=\"_blank\" rel=\"noopener\">23<\/a><\/td>\n<td width=\"61\"><a href=\"wyniki\/2019\/190429\/W-bc190429.html\" target=\"_blank\" rel=\"noopener\">29<\/a><\/td>\n<\/tr>\n<tr>\n<td width=\"93\">marzec<\/td>\n<td width=\"60\"><a href=\"wyniki\/2019\/190304\/W-bc190304.html\" target=\"_blank\" rel=\"noopener\">4<\/a><\/td>\n<td width=\"60\"><a href=\"wyniki\/2019\/190311\/W-bc190311.html\" target=\"_blank\" rel=\"noopener\">11<\/a><\/td>\n<td width=\"61\"><a href=\"wyniki\/2019\/190318\/W-bc190318.html\" target=\"_blank\" rel=\"noopener\">18<\/a><\/td>\n<td width=\"61\"><a href=\"wyniki\/2019\/190325\/W-bc190325.html\" target=\"_blank\" rel=\"noopener\">25<\/a><\/td>\n<td width=\"61\"><\/td>\n<\/tr>\n<tr>\n<td width=\"93\">luty<\/td>\n<td width=\"60\"><a href=\"wyniki\/2019\/190204\/W-bc190204.html\" target=\"_blank\" rel=\"noopener\">4<\/a><\/td>\n<td width=\"60\"><a href=\"wyniki\/2019\/190211\/W-bc190211.html\" target=\"_blank\" rel=\"noopener\">11<\/a><\/td>\n<td width=\"61\"><a href=\"wyniki\/2019\/190218\/W-bc190218.html\" target=\"_blank\" rel=\"noopener\">18<\/a><\/td>\n<td width=\"61\"><a href=\"wyniki\/2019\/190225\/W-bc190225.html\" target=\"_blank\" rel=\"noopener\">25<\/a><\/td>\n<td width=\"61\"><\/td>\n<\/tr>\n<tr>\n<td width=\"93\">stycze\u0144<\/td>\n<td width=\"60\"><a href=\"wyniki\/2019\/190107\/W-bc190107.html\" target=\"_blank\" rel=\"noopener\">7<\/a><\/td>\n<td width=\"60\"><a href=\"wyniki\/2019\/190114\/W-bc190114.html\" target=\"_blank\" rel=\"noopener\">14<\/a><\/td>\n<td width=\"61\"><a href=\"wyniki\/2019\/190121\/W-bc190121.html\" target=\"_blank\" rel=\"noopener\">21<\/a><\/td>\n<td width=\"61\"><a href=\"wyniki\/2019\/190128\/W-bc20190128.html\" target=\"_blank\" rel=\"noopener\">28<\/a><\/td>\n<td width=\"61\"><\/td>\n<\/tr>\n<\/tbody>\n<\/table>\n<\/div>\n<h3 align=\"center\">Punktacja d\u0142ugofalowa<\/h3>\n<div align=\"center\">\n<table border=\"0\" width=\"400\">\n<tbody>\n<tr>\n<td width=\"17%\" height=\"1\"><a href=\"wyniki\/2019\/fala0102.html\" target=\"_blank\" rel=\"noopener\">stycze\u0144 &#8211; luty<\/a><\/td>\n<td width=\"25%\" height=\"1\"><a href=\"wyniki\/2019\/fala0304.html\" target=\"_blank\" rel=\"noopener\">marzec-kwiecie\u0144<\/a><\/td>\n<td width=\"21%\" height=\"1\"><a href=\"wyniki\/2019\/fala0506.html\" target=\"_blank\" rel=\"noopener\">maj-czerwiec<\/a><\/td>\n<\/tr>\n<tr>\n<td width=\"17%\" height=\"1\"><a href=\"wyniki\/2019\/fala0708.html\">lipiec-sierpie\u0144<\/a><\/td>\n<td width=\"25%\" height=\"1\"><a href=\"wyniki\/2019\/fala0910\/\" target=\"_blank\" rel=\"noopener\">wrzesie\u0144-pa\u017adziernik<\/a><\/td>\n<td width=\"21%\" height=\"1\"><a href=\"wyniki\/2019\/fala1112\/\" target=\"_blank\" rel=\"noopener\">listopad-grudzie\u0144<\/a><\/td>\n<\/tr>\n<\/tbody>\n<\/table>\n<\/div>\n<h3 align=\"center\"><b>Turnieje czwartkowe<\/b><\/h3>\n<div align=\"center\">\n<table border=\"0\" width=\"400\">\n<tbody>\n<tr>\n<td width=\"93\">grudzie\u0144<\/td>\n<td width=\"60\"><a href=\"wyniki\/2019\/191205\/W-bc191205.html\" target=\"_blank\" rel=\"noopener\">5<\/a><\/td>\n<td width=\"60\"><a href=\"wyniki\/2019\/191212\" target=\"_blank\" rel=\"noopener\">12<\/a><\/td>\n<td width=\"61\"><a href=\"wyniki\/2019\/191220\" target=\"_blank\" rel=\"noopener\">19<\/a><\/td>\n<td width=\"61\"><\/td>\n<td width=\"61\"><\/td>\n<\/tr>\n<tr>\n<td width=\"93\">listopad<\/td>\n<td width=\"60\"><a href=\"wyniki\/2019\/191107\" target=\"_blank\" rel=\"noopener\">7<\/a><\/td>\n<td width=\"60\"><a href=\"wyniki\/2019\/191114\" target=\"_blank\" rel=\"noopener\">14<\/a><\/td>\n<td width=\"61\"><a href=\"wyniki\/2019\/191123\" target=\"_blank\" rel=\"noopener\">21<\/a><\/td>\n<td width=\"61\"><a href=\"wyniki\/2019\/191128\" target=\"_blank\" rel=\"noopener\">28<\/a><\/td>\n<td width=\"61\"><\/td>\n<\/tr>\n<tr>\n<td width=\"93\">pa\u017adziernik<\/td>\n<td width=\"60\"><a href=\"wyniki\/2019\/191003\" target=\"_blank\" rel=\"noopener\">3<\/a><\/td>\n<td width=\"60\"><a href=\"wyniki\/2019\/191010\" target=\"_blank\" rel=\"noopener\">10<\/a><\/td>\n<td width=\"61\"><a href=\"wyniki\/2019\/191017\" target=\"_blank\" rel=\"noopener\">17<\/a><\/td>\n<td width=\"61\"><a href=\"wyniki\/2019\/191024\" target=\"_blank\" rel=\"noopener\">24<\/a><\/td>\n<td width=\"61\"><a href=\"wyniki\/2019\/191031\" target=\"_blank\" rel=\"noopener\">31<\/a><\/td>\n<\/tr>\n<tr>\n<td width=\"93\">wrzesie\u0144<\/td>\n<td width=\"60\"><a href=\"wyniki\/2019\/190905\/W-bc190905.html\" target=\"_blank\" rel=\"noopener\">5<\/a><\/td>\n<td width=\"60\"><a href=\"wyniki\/2019\/190912\" target=\"_blank\" rel=\"noopener\">12<\/a><\/td>\n<td width=\"61\"><a href=\"wyniki\/2019\/190926\" target=\"_blank\" rel=\"noopener\">26<\/a><\/td>\n<td width=\"61\"><\/td>\n<td width=\"61\"><\/td>\n<\/tr>\n<tr>\n<td width=\"94\">sierpie\u0144<\/td>\n<td width=\"60\"><a href=\"wyniki\/2019\/190801\" target=\"_blank\" rel=\"noopener\">01<\/a><\/td>\n<td width=\"60\"><a href=\"wyniki\/2019\/190808\" target=\"_blank\" rel=\"noopener\">08<\/a><\/td>\n<td width=\"61\"><a href=\"wyniki\/2019\/190815\" target=\"_blank\" rel=\"noopener\">15<\/a><\/td>\n<td width=\"61\"><a href=\"wyniki\/2019\/190822\/W-bc190822.html\" target=\"_blank\" rel=\"noopener\">22<\/a><\/td>\n<td width=\"61\"><a href=\"wyniki\/2019\/190829\" target=\"_blank\" rel=\"noopener\">29<\/a><\/td>\n<\/tr>\n<tr>\n<td width=\"94\">lipiec<\/td>\n<td width=\"60\"><a href=\"wyniki\/2019\/190711\" target=\"_blank\" rel=\"noopener\">11<\/a><\/td>\n<td width=\"60\"><a href=\"wyniki\/2019\/190718\" target=\"_blank\" rel=\"noopener\">18<\/a><\/td>\n<td width=\"61\"><a href=\"wyniki\/2019\/190725\" target=\"_blank\" rel=\"noopener\">25<\/a><\/td>\n<td width=\"61\"><\/td>\n<td width=\"61\"><\/td>\n<\/tr>\n<tr>\n<td width=\"94\">czerwiec<\/td>\n<td width=\"60\"><a href=\"wyniki\/2019\/190608\/W-bc190608.html\" target=\"_blank\" rel=\"noopener\">6<\/a><\/td>\n<td width=\"60\"><a href=\"wyniki\/2019\/190613\/W-bc190613.html\" target=\"_blank\" rel=\"noopener\">13<\/a><\/td>\n<td width=\"61\"><a href=\"wyniki\/2019\/190619\/W-bc190619.html\" target=\"_blank\" rel=\"noopener\">19<\/a><\/td>\n<td width=\"61\"><\/td>\n<td width=\"61\"><\/td>\n<\/tr>\n<tr>\n<td width=\"94\">maj<\/td>\n<td width=\"60\"><a href=\"wyniki\/2019\/190509\/W-bc190509.html\" target=\"_blank\" rel=\"noopener\">9<\/a><\/td>\n<td width=\"60\"><a href=\"wyniki\/2019\/190516\/W-bc190516.html\" target=\"_blank\" rel=\"noopener\">16<\/a><\/td>\n<td width=\"61\"><a href=\"wyniki\/2019\/190523\/W-bc190523.html\" target=\"_blank\" rel=\"noopener\">23<\/a><\/td>\n<td width=\"61\"><a href=\"wyniki\/2019\/190530\/W-bc190530.html\" target=\"_blank\" rel=\"noopener\">30<\/a><\/td>\n<td width=\"61\"><\/td>\n<\/tr>\n<tr>\n<td width=\"94\">kwiecie\u0144<\/td>\n<td width=\"60\"><a href=\"wyniki\/2019\/190405\/W-bc190405.html\" target=\"_blank\" rel=\"noopener\">5<\/a><\/td>\n<td width=\"60\"><a href=\"wyniki\/2019\/190411\/W-bc190411.html\" target=\"_blank\" rel=\"noopener\">11<\/a><\/td>\n<td width=\"61\"><a href=\"wyniki\/2019\/190418\/W-bc190418.html\" target=\"_blank\" rel=\"noopener\">18<\/a><\/td>\n<td width=\"61\"><a href=\"wyniki\/2019\/190425\/W-bc190425.html\" target=\"_blank\" rel=\"noopener\">25<\/a><\/td>\n<td width=\"61\"><\/td>\n<\/tr>\n<tr>\n<td width=\"94\">marzec<\/td>\n<td width=\"60\"><a href=\"wyniki\/2019\/190308\/W-bc190308.html\" target=\"_blank\" rel=\"noopener\">8<\/a><\/td>\n<td width=\"60\"><a href=\"wyniki\/2019\/190314\/W-bc190314.html\" target=\"_blank\" rel=\"noopener\">14<\/a><\/td>\n<td width=\"61\"><a href=\"wyniki\/2019\/190321\/W-bc190321.html\" target=\"_blank\" rel=\"noopener\">21<\/a><\/td>\n<td width=\"61\"><a href=\"wyniki\/2019\/190328\/W-bc190328.html\" target=\"_blank\" rel=\"noopener\">28<\/a><\/td>\n<td width=\"61\"><\/td>\n<\/tr>\n<tr>\n<td width=\"94\">luty<\/td>\n<td width=\"60\"><a href=\"wyniki\/2019\/190207\/W-bc190207.html\" target=\"_blank\" rel=\"noopener\">7<\/a><\/td>\n<td width=\"60\"><a href=\"wyniki\/2019\/190214\/W-bc190214.html\" target=\"_blank\" rel=\"noopener\">14<\/a><\/td>\n<td width=\"61\"><a href=\"wyniki\/2019\/190221\/W-bc190221.html\" target=\"_blank\" rel=\"noopener\">21<\/a><\/td>\n<td width=\"61\"><a href=\"wyniki\/2019\/190228\/W-bc190228.html\" target=\"_blank\" rel=\"noopener\">28<\/a><\/td>\n<td width=\"61\"><\/td>\n<\/tr>\n<tr>\n<td width=\"94\">stycze\u0144<\/td>\n<td width=\"60\"><a href=\"wyniki\/2019\/190103\/W-bc190103.html\" target=\"_blank\" rel=\"noopener\">3<\/a><\/td>\n<td width=\"60\"><a href=\"wyniki\/2019\/190110\/W-bc190110.html\" target=\"_blank\" rel=\"noopener\">10<\/a><\/td>\n<td width=\"61\"><a href=\"wyniki\/2019\/190117\/W-bol190117.html\" target=\"_blank\" rel=\"noopener\">17<\/a><\/td>\n<td width=\"61\"><a href=\"wyniki\/2019\/190124\/W-bc190124.html\" target=\"_blank\" rel=\"noopener\">24<\/a><\/td>\n<td width=\"61\"><a href=\"wyniki\/2019\/190131\/W-bc190131.html\" target=\"_blank\" rel=\"noopener\">31<\/a><\/td>\n<\/tr>\n<\/tbody>\n<\/table>\n<\/div>\n<p>&nbsp;<\/p>\n","protected":false},"excerpt":{"rendered":"<p>Turnieje poniedzia\u0142kowe grudzie\u0144 2 9 16 23 30 listopad 4 12 18 25 pa\u017adziernik 7 14 21 28 wrzesie\u0144 2 9 16 23 30 sierpie\u0144 5 12 19 26 lipiec 8 15 22 29 czerwiec 3 10 17 24 maj 6 13 20 27 kwiecie\u0144 1 8 15 23 29 marzec 4 11 18 25 &hellip; <a href=\"https:\/\/bkb.boleslawiec.pl\/?page_id=839\" class=\"more-link\">Czytaj dalej <span class=\"screen-reader-text\">2019<\/span><\/a><\/p>\n","protected":false},"author":2,"featured_media":0,"parent":0,"menu_order":0,"comment_status":"closed","ping_status":"closed","template":"","meta":[],"_links":{"self":[{"href":"https:\/\/bkb.boleslawiec.pl\/index.php?rest_route=\/wp\/v2\/pages\/839"}],"collection":[{"href":"https:\/\/bkb.boleslawiec.pl\/index.php?rest_route=\/wp\/v2\/pages"}],"about":[{"href":"https:\/\/bkb.boleslawiec.pl\/index.php?rest_route=\/wp\/v2\/types\/page"}],"author":[{"embeddable":true,"href":"https:\/\/bkb.boleslawiec.pl\/index.php?rest_route=\/wp\/v2\/users\/2"}],"replies":[{"embeddable":true,"href":"https:\/\/bkb.boleslawiec.pl\/index.php?rest_route=%2Fwp%2Fv2%2Fcomments&post=839"}],"version-history":[{"count":119,"href":"https:\/\/bkb.boleslawiec.pl\/index.php?rest_route=\/wp\/v2\/pages\/839\/revisions"}],"predecessor-version":[{"id":993,"href":"https:\/\/bkb.boleslawiec.pl\/index.php?rest_route=\/wp\/v2\/pages\/839\/revisions\/993"}],"wp:attachment":[{"href":"https:\/\/bkb.boleslawiec.pl\/index.php?rest_route=%2Fwp%2Fv2%2Fmedia&parent=839"}],"curies":[{"name":"wp","href":"https:\/\/api.w.org\/{rel}","templated":true}]}}