{"id":678,"date":"2018-01-02T22:40:22","date_gmt":"2018-01-02T21:40:22","guid":{"rendered":"http:\/\/bkb.boleslawiec.pl\/?page_id=678"},"modified":"2018-12-28T13:12:20","modified_gmt":"2018-12-28T12:12:20","slug":"2018-2","status":"publish","type":"page","link":"https:\/\/bkb.boleslawiec.pl\/?page_id=678","title":{"rendered":"2018"},"content":{"rendered":"<h3 style=\"text-align: center;\"><b>Turnieje poniedzia\u0142kowe<\/b><\/h3>\n<div align=\"center\">\n<table border=\"0\" width=\"400\">\n<tbody>\n<tr>\n<td width=\"94\">grudzie\u0144<\/td>\n<td width=\"60\"><a href=\"wyniki\/2018\/181203\/W-bc181203.html\" target=\"_blank\" rel=\"noopener\">3<\/a><\/td>\n<td width=\"60\"><a href=\"wyniki\/2018\/181210\/W-bc181210.html\" target=\"_blank\" rel=\"noopener\">10<\/a><\/td>\n<td width=\"61\"><a href=\"wyniki\/2018\/181217\/W-bc181217.html\" target=\"_blank\" rel=\"noopener\">17<\/a><\/td>\n<td width=\"61\"><\/td>\n<td width=\"61\"><\/td>\n<\/tr>\n<tr>\n<td width=\"94\">listopad<\/td>\n<td width=\"60\"><a href=\"wyniki\/2018\/181105\/W-bc181105.html\" target=\"_blank\" rel=\"noopener\">5<\/a><\/td>\n<td width=\"60\"><a href=\"wyniki\/2018\/181112\/W-bc181112.html\" target=\"_blank\" rel=\"noopener\">12<\/a><\/td>\n<td width=\"61\"><a href=\"wyniki\/2018\/181119\/W-bc181119.html\" target=\"_blank\" rel=\"noopener\">19<\/a><\/td>\n<td width=\"61\"><a href=\"wyniki\/2018\/181126\/W-bc181126.html\" target=\"_blank\" rel=\"noopener\">26<\/a><\/td>\n<td width=\"61\"><\/td>\n<\/tr>\n<tr>\n<td width=\"94\">pa\u017adziernik<\/td>\n<td width=\"60\"><a href=\"wyniki\/2018\/181001\/W-bc181001.html\" target=\"_blank\" rel=\"noopener\">1<\/a><\/td>\n<td width=\"60\"><a href=\"wyniki\/2018\/181008\/W-bc181008.html\" target=\"_blank\" rel=\"noopener\">8<\/a><\/td>\n<td width=\"61\"><a href=\"wyniki\/2018\/181015\/W-bc181015.html\" target=\"_blank\" rel=\"noopener\">15<\/a><\/td>\n<td width=\"61\"><a href=\"wyniki\/2018\/181022\/W-bc181022.html\" target=\"_blank\" rel=\"noopener\">22<\/a><\/td>\n<td width=\"61\"><a href=\"wyniki\/2018\/181029\/W-bc181029.html\" target=\"_blank\" rel=\"noopener\">29<\/a><\/td>\n<\/tr>\n<tr>\n<td width=\"94\">wrzesie\u0144<\/td>\n<td width=\"60\"><a href=\"wyniki\/2018\/180903\/W-bc180903.html\" target=\"_blank\" rel=\"noopener\">3<\/a><\/td>\n<td width=\"60\"><a href=\"wyniki\/2018\/180910\/W-bc180910.html\" target=\"_blank\" rel=\"noopener\">10<\/a><\/td>\n<td width=\"61\"><a href=\"wyniki\/2018\/180917\/W-bc180917.html\" target=\"_blank\" rel=\"noopener\">17<\/a><\/td>\n<td width=\"61\"><a href=\"wyniki\/2018\/180924\/W-bc180924.html\" target=\"_blank\" rel=\"noopener\">24<\/a><\/td>\n<td width=\"61\"><\/td>\n<\/tr>\n<tr>\n<td width=\"94\">sierpie\u0144<\/td>\n<td width=\"60\"><a href=\"wyniki\/2018\/180806\/W-bc180806.html\" target=\"_blank\" rel=\"noopener\">6<\/a><\/td>\n<td width=\"60\"><a href=\"wyniki\/2018\/180813\/W-bc180813.html\" target=\"_blank\" rel=\"noopener\">13<\/a><\/td>\n<td width=\"61\"><a href=\"wyniki\/2018\/180820\/W-bc180820.html\" target=\"_blank\" rel=\"noopener\">20<\/a><\/td>\n<td width=\"61\"><a href=\"wyniki\/2018\/180827\/W-bc180827.html\" target=\"_blank\" rel=\"noopener\">27<\/a><\/td>\n<td width=\"61\"><\/td>\n<\/tr>\n<tr>\n<td width=\"94\">lipiec<\/td>\n<td width=\"60\"><a href=\"wyniki\/2018\/180709\/W-bc180709.html\" target=\"_blank\" rel=\"noopener\">9<\/a><\/td>\n<td width=\"60\"><a href=\"wyniki\/2018\/180716\/W-bc180716.html\" target=\"_blank\" rel=\"noopener\">16<\/a><\/td>\n<td width=\"61\"><a href=\"wyniki\/2018\/180723\/W-bc180723.html\" target=\"_blank\" rel=\"noopener\">23<\/a><\/td>\n<td width=\"61\"><a href=\"wyniki\/2018\/180730\/W-bc180730.html\" target=\"_blank\" rel=\"noopener\">30<\/a><\/td>\n<td width=\"61\"><\/td>\n<\/tr>\n<tr>\n<td width=\"94\">czerwiec<\/td>\n<td width=\"60\"><a href=\"wyniki\/2018\/180604\/W-bc180604.html\" target=\"_blank\" rel=\"noopener\">4<\/a><\/td>\n<td width=\"60\"><a href=\"wyniki\/2018\/180611\/W-bc180611.html\" target=\"_blank\" rel=\"noopener\">11<\/a><\/td>\n<td width=\"61\"><a href=\"wyniki\/2018\/180618\/W-bc180618.html\" target=\"_blank\" rel=\"noopener\">18<\/a><\/td>\n<td width=\"61\"><a href=\"wyniki\/2018\/180625\/W-bc180625.html\" target=\"_blank\" rel=\"noopener\">25<\/a><\/td>\n<td width=\"61\"><\/td>\n<\/tr>\n<tr>\n<td width=\"94\">maj<\/td>\n<td width=\"60\"><a href=\"wyniki\/2018\/180507\/W-bc180507.html\" target=\"_blank\" rel=\"noopener\">7<\/a><\/td>\n<td width=\"60\"><a href=\"wyniki\/2018\/180514\/W-bc180514.html\" target=\"_blank\" rel=\"noopener\">14<\/a><\/td>\n<td width=\"61\"><a href=\"wyniki\/2018\/180521\/W-bc180521.html\" target=\"_blank\" rel=\"noopener\">21<\/a><\/td>\n<td width=\"61\"><a href=\"wyniki\/2018\/180528\/W-bc180528.html\" target=\"_blank\" rel=\"noopener\">28<\/a><\/td>\n<td width=\"61\"><\/td>\n<\/tr>\n<tr>\n<td width=\"94\">kwiecie\u0144<\/td>\n<td width=\"60\"><a href=\"wyniki\/2018\/180403\/W-bc180403.html\" target=\"_blank\" rel=\"noopener\">3<\/a><\/td>\n<td width=\"60\"><a href=\"wyniki\/2018\/180409\/W-bc180409.html\" target=\"_blank\" rel=\"noopener\">9<\/a><\/td>\n<td width=\"61\"><a href=\"wyniki\/2018\/180416\/W-bc180416.html\" target=\"_blank\" rel=\"noopener\">16<\/a><\/td>\n<td width=\"61\"><a href=\"wyniki\/2018\/180423\/W-bc180423.html\" target=\"_blank\" rel=\"noopener\">23<\/a><\/td>\n<td width=\"61\"><a href=\"wyniki\/2018\/180430\/W-bc180430.html\" target=\"_blank\" rel=\"noopener\">30<\/a><\/td>\n<\/tr>\n<tr>\n<td width=\"94\">marzec<\/td>\n<td width=\"60\"><a href=\"wyniki\/2018\/180305\/W-bc180305.html\" target=\"_blank\" rel=\"noopener\">5<\/a><\/td>\n<td width=\"60\"><a href=\"wyniki\/2018\/180312\/W-bc180312.html\" target=\"_blank\" rel=\"noopener\">12<\/a><\/td>\n<td width=\"61\"><a href=\"wyniki\/2018\/180319\/W-bc180319.html\" target=\"_blank\" rel=\"noopener\">19<\/a><\/td>\n<td width=\"61\"><a href=\"wyniki\/2018\/180326\/W-bc180326.html\" target=\"_blank\" rel=\"noopener\">26<\/a><\/td>\n<td width=\"61\"><\/td>\n<\/tr>\n<tr>\n<td width=\"94\">luty<\/td>\n<td width=\"60\"><a href=\"wyniki\/2018\/180205\/W-bc180205.html\" target=\"_blank\" rel=\"noopener\">5<\/a><\/td>\n<td width=\"60\"><a href=\"wyniki\/2018\/180212\/W-bc180212.html\" target=\"_blank\" rel=\"noopener\">12<\/a><\/td>\n<td width=\"61\"><a href=\"wyniki\/2018\/180219\/W-bc180219.html\" target=\"_blank\" rel=\"noopener\">19<\/a><\/td>\n<td width=\"61\"><a href=\"wyniki\/2018\/180226\/W-bc180226.html\" target=\"_blank\" rel=\"noopener\">26<\/a><\/td>\n<td width=\"61\"><\/td>\n<\/tr>\n<tr>\n<td width=\"93\">stycze\u0144<\/td>\n<td width=\"60\"><a href=\"wyniki\/2018\/180102\/W-bc180102.html\" target=\"_blank\" rel=\"noopener\">2<\/a><\/td>\n<td width=\"60\"><a href=\"wyniki\/2018\/180108\/W-bc180108.html\" target=\"_blank\" rel=\"noopener\">8<\/a><\/td>\n<td width=\"61\"><a href=\"wyniki\/2018\/180115\/W-bc180115.html\" target=\"_blank\" rel=\"noopener\">15<\/a><\/td>\n<td width=\"61\"><a href=\"wyniki\/2018\/180122\/W-bc180122.html\" target=\"_blank\" rel=\"noopener\">22<\/a><\/td>\n<td width=\"61\"><a href=\"wyniki\/2018\/180129\/W-bc180129.html\" target=\"_blank\" rel=\"noopener\">29<\/a><\/td>\n<\/tr>\n<\/tbody>\n<\/table>\n<\/div>\n<h3 style=\"margin-top: 12px; margin-bottom: 3px;\" align=\"center\">Punktacja d\u0142ugofalowa<\/h3>\n<div align=\"center\">\n<table style=\"border-left-width: 0px; border-right-width: 0px; border-bottom-width: 0px;\" border=\"0\" width=\"400\">\n<tbody>\n<tr>\n<td style=\"border-bottom-style: none; border-bottom-width: medium;\" width=\"17%\" height=\"1\"><a href=\"wyniki\/2018\/fala0102.html\" target=\"_blank\" rel=\"noopener\">stycze\u0144 &#8211; luty<\/a><\/td>\n<td style=\"border-bottom-style: none; border-bottom-width: medium;\" width=\"25%\" height=\"1\"><a href=\"wyniki\/2018\/fala0304.html\" target=\"_blank\" rel=\"noopener\">marzec-kwiecie\u0144<\/a><\/td>\n<td style=\"border-bottom-style: none; border-bottom-width: medium;\" width=\"21%\" height=\"1\"><a href=\"wyniki\/2018\/fala0506.html\" target=\"_blank\" rel=\"noopener\">maj-czerwiec<\/a><\/td>\n<\/tr>\n<tr>\n<td style=\"border-bottom-style: none; border-bottom-width: medium;\" width=\"17%\" height=\"1\"><a href=\"wyniki\/2018\/fala0708.html\" target=\"_blank\" rel=\"noopener\">lipiec-sierpie\u0144<\/a><\/td>\n<td style=\"border-bottom-style: none; border-bottom-width: medium;\" width=\"25%\" height=\"1\"><a href=\"wyniki\/2018\/fala0910.html\" target=\"_blank\" rel=\"noopener\">wrzesie\u0144-pa\u017adziernik<\/a><\/td>\n<td style=\"border-bottom-style: none; border-bottom-width: medium;\" width=\"21%\" height=\"1\"><a href=\"wyniki\/2018\/fala1112.html\" target=\"_blank\" rel=\"noopener\">listopad-grudzie\u0144<\/a><\/td>\n<\/tr>\n<\/tbody>\n<\/table>\n<\/div>\n<h3 style=\"margin-top: 12px; margin-bottom: 3px;\" align=\"center\"><b>Turnieje czwartkowe<\/b><\/h3>\n<div align=\"center\">\n<table border=\"0\" width=\"400\">\n<tbody>\n<tr>\n<td width=\"94\">grudzie\u0144<\/td>\n<td width=\"60\"><a href=\"wyniki\/2018\/181206\/W-bc181206.html\" target=\"_blank\" rel=\"noopener\">6 &#8211; ind.<\/a><\/td>\n<td width=\"60\"><a href=\"wyniki\/2018\/181213\/W-bc181213.html\" target=\"_blank\" rel=\"noopener\">13<\/a><\/td>\n<td width=\"61\"><a href=\"wyniki\/2018\/181220\/W-bc181220.html\" target=\"_blank\" rel=\"noopener\">20<\/a><\/td>\n<td width=\"61\"><a href=\"wyniki\/2018\/181227\/W-bc181227.html\" target=\"_blank\" rel=\"noopener\">27<\/a><\/td>\n<td width=\"61\"><\/td>\n<\/tr>\n<tr>\n<td width=\"94\">listopad<\/td>\n<td width=\"60\"><a href=\"wyniki\/2018\/181102\/W-bc181102.html\" target=\"_blank\" rel=\"noopener\">2<\/a><\/td>\n<td width=\"60\"><a href=\"wyniki\/2018\/181108\/W-bc181108.html\" target=\"_blank\" rel=\"noopener\">8<\/a><\/td>\n<td width=\"61\"><a href=\"wyniki\/2018\/181115\/W-bc181115.html\" target=\"_blank\" rel=\"noopener\">15<\/a><\/td>\n<td width=\"61\"><a href=\"wyniki\/2018\/181122\/W-bc181122.html\" target=\"_blank\" rel=\"noopener\">22<\/a><\/td>\n<td width=\"61\"><a href=\"wyniki\/2018\/181129\/W-bc181129.html\" target=\"_blank\" rel=\"noopener\">29<\/a><\/td>\n<\/tr>\n<tr>\n<td width=\"94\">pa\u017adziernik<\/td>\n<td width=\"60\"><a href=\"wyniki\/2018\/181004\/W-bc181004.html\" target=\"_blank\" rel=\"noopener\">4<\/a><\/td>\n<td width=\"60\"><a href=\"wyniki\/2018\/181011\/W-bc181011.html\" target=\"_blank\" rel=\"noopener\">11<\/a><\/td>\n<td width=\"61\"><a href=\"wyniki\/2018\/181018\/W-bc181018.html\" target=\"_blank\" rel=\"noopener\">18<\/a><\/td>\n<td width=\"61\"><a href=\"wyniki\/2018\/181025\/W-bc181025.html\" target=\"_blank\" rel=\"noopener\">25<\/a><\/td>\n<td width=\"61\"><\/td>\n<\/tr>\n<tr>\n<td width=\"94\">wrzesie\u0144<\/td>\n<td width=\"60\"><a href=\"wyniki\/2018\/180906\/W-bc180906.html\" target=\"_blank\" rel=\"noopener\">6<\/a><\/td>\n<td width=\"60\"><a href=\"wyniki\/2018\/180913\/W-bc180913.html\" target=\"_blank\" rel=\"noopener\">13<\/a><\/td>\n<td width=\"61\"><a href=\"wyniki\/2018\/180927\/W-bc180927.html\" target=\"_blank\" rel=\"noopener\">27<\/a><\/td>\n<td width=\"61\"><\/td>\n<td width=\"61\"><\/td>\n<\/tr>\n<tr>\n<td width=\"94\">sierpie\u0144<\/td>\n<td width=\"60\"><a href=\"wyniki\/2018\/180802\/W-bc180802.html\" target=\"_blank\" rel=\"noopener\">2<\/a><\/td>\n<td width=\"60\"><a href=\"wyniki\/2018\/180809\/W-bc180809.html\" target=\"_blank\" rel=\"noopener\">9<\/a><\/td>\n<td width=\"61\"><a href=\"wyniki\/2018\/180816\/W-bc180816.html\" target=\"_blank\" rel=\"noopener\">16<\/a><\/td>\n<td width=\"61\"><a href=\"wyniki\/2018\/180823\/W-bc180823.html\" target=\"_blank\" rel=\"noopener\">23<\/a><\/td>\n<td width=\"61\"><a href=\"wyniki\/2018\/180830\/W-bc180830.html\" target=\"_blank\" rel=\"noopener\">30<\/a><\/td>\n<\/tr>\n<tr>\n<td width=\"94\">lipiec<\/td>\n<td width=\"60\"><a href=\"wyniki\/2018\/180712\/W-bc180712.html\" target=\"_blank\" rel=\"noopener\">12<\/a><\/td>\n<td width=\"60\"><a href=\"wyniki\/2018\/180719\/W-bc180719.html\" target=\"_blank\" rel=\"noopener\">19<\/a><\/td>\n<td width=\"61\"><a href=\"wyniki\/2018\/180726\/W-bc180726.html\" target=\"_blank\" rel=\"noopener\">26<\/a><\/td>\n<td width=\"61\"><\/td>\n<td width=\"61\"><\/td>\n<\/tr>\n<tr>\n<td width=\"94\">czerwiec<\/td>\n<td width=\"60\"><a href=\"wyniki\/2018\/180607\/W-bc180607.html\" target=\"_blank\" rel=\"noopener\">7<\/a><\/td>\n<td width=\"60\"><a href=\"wyniki\/2018\/180614\/W-bc180614.html\" target=\"_blank\" rel=\"noopener\">14<\/a><\/td>\n<td width=\"61\"><a href=\"wyniki\/2018\/180621\/W-bc180621.html\" target=\"_blank\" rel=\"noopener\">21<\/a><\/td>\n<td width=\"61\"><\/td>\n<td width=\"61\"><\/td>\n<\/tr>\n<tr>\n<td width=\"94\">maj<\/td>\n<td width=\"60\"><a href=\"wyniki\/2018\/180510\/W-bc180510.html\" target=\"_blank\" rel=\"noopener\">10<\/a><\/td>\n<td width=\"60\"><a href=\"wyniki\/2018\/180517\/W-bc180517.html\" target=\"_blank\" rel=\"noopener\">17<\/a><\/td>\n<td width=\"61\"><a href=\"wyniki\/2018\/180524\/W-bc180524.html\" target=\"_blank\" rel=\"noopener\">24<\/a><\/td>\n<td width=\"61\"><\/td>\n<td width=\"61\"><\/td>\n<\/tr>\n<tr>\n<td width=\"94\">kwiecie\u0144<\/td>\n<td width=\"60\"><a href=\"wyniki\/2018\/180405\/W-bc180405.html\" target=\"_blank\" rel=\"noopener\">5<\/a><\/td>\n<td width=\"60\"><a href=\"wyniki\/2018\/180412\/W-bc180412.html\" target=\"_blank\" rel=\"noopener\">12<\/a><\/td>\n<td width=\"61\"><a href=\"wyniki\/2018\/180419\/W-bc180419.html\" target=\"_blank\" rel=\"noopener\">19<\/a><\/td>\n<td width=\"61\"><a href=\"wyniki\/2018\/180426\/W-bc180426.html\" target=\"_blank\" rel=\"noopener\">26<\/a><\/td>\n<td width=\"61\"><\/td>\n<\/tr>\n<tr>\n<td width=\"94\">marzec<\/td>\n<td width=\"60\"><a href=\"wyniki\/2018\/180329\/W-bc180329.html\" target=\"_blank\" rel=\"noopener\">29<\/a><\/td>\n<td width=\"60\"><\/td>\n<td width=\"61\"><\/td>\n<td width=\"61\"><\/td>\n<td width=\"61\"><\/td>\n<\/tr>\n<tr>\n<td width=\"94\">luty<\/td>\n<td width=\"60\"><a href=\"wyniki\/2018\/180201\/W-bc180201.html\" target=\"_blank\" rel=\"noopener\">2<\/a><\/td>\n<td width=\"60\"><a href=\"wyniki\/2018\/180208\/W-bc180208.html\" target=\"_blank\" rel=\"noopener\">8<\/a><\/td>\n<td width=\"61\"><a href=\"wyniki\/2018\/180215\/W-bc180215.html\" target=\"_blank\" rel=\"noopener\">15<\/a><\/td>\n<td width=\"61\"><\/td>\n<td width=\"61\"><\/td>\n<\/tr>\n<tr>\n<td width=\"94\">stycze\u0144<\/td>\n<td width=\"60\"><a href=\"wyniki\/2018\/180104\/W-bc180104.html\" target=\"_blank\" rel=\"noopener\">4<\/a><\/td>\n<td width=\"60\"><a href=\"wyniki\/2018\/180111\/W-bc180111.html\" target=\"_blank\" rel=\"noopener\">11<\/a><\/td>\n<td width=\"61\"><a href=\"wyniki\/2018\/180118\/W-bc180118.html\" target=\"_blank\" rel=\"noopener\">18<\/a><\/td>\n<td width=\"61\"><a href=\"wyniki\/2018\/180125\/W-bc180125.html\" target=\"_blank\" rel=\"noopener\">25<\/a><\/td>\n<td width=\"61\"><\/td>\n<\/tr>\n<\/tbody>\n<\/table>\n<\/div>\n<p><a href=\"wyniki\/2018\/181228\/W-mpb2018.html\" target=\"_blank\" rel=\"noopener\">Mistrzostwa Powiatu M\u0142odzie\u017cy &#8211; 28.12.2018<\/a><\/p>\n","protected":false},"excerpt":{"rendered":"<p>Turnieje poniedzia\u0142kowe grudzie\u0144 3 10 17 listopad 5 12 19 26 pa\u017adziernik 1 8 15 22 29 wrzesie\u0144 3 10 17 24 sierpie\u0144 6 13 20 27 lipiec 9 16 23 30 czerwiec 4 11 18 25 maj 7 14 21 28 kwiecie\u0144 3 9 16 23 30 marzec 5 12 19 26 luty 5 &hellip; <a href=\"https:\/\/bkb.boleslawiec.pl\/?page_id=678\" class=\"more-link\">Czytaj dalej <span class=\"screen-reader-text\">2018<\/span><\/a><\/p>\n","protected":false},"author":2,"featured_media":0,"parent":0,"menu_order":0,"comment_status":"closed","ping_status":"closed","template":"","meta":[],"_links":{"self":[{"href":"https:\/\/bkb.boleslawiec.pl\/index.php?rest_route=\/wp\/v2\/pages\/678"}],"collection":[{"href":"https:\/\/bkb.boleslawiec.pl\/index.php?rest_route=\/wp\/v2\/pages"}],"about":[{"href":"https:\/\/bkb.boleslawiec.pl\/index.php?rest_route=\/wp\/v2\/types\/page"}],"author":[{"embeddable":true,"href":"https:\/\/bkb.boleslawiec.pl\/index.php?rest_route=\/wp\/v2\/users\/2"}],"replies":[{"embeddable":true,"href":"https:\/\/bkb.boleslawiec.pl\/index.php?rest_route=%2Fwp%2Fv2%2Fcomments&post=678"}],"version-history":[{"count":105,"href":"https:\/\/bkb.boleslawiec.pl\/index.php?rest_route=\/wp\/v2\/pages\/678\/revisions"}],"predecessor-version":[{"id":833,"href":"https:\/\/bkb.boleslawiec.pl\/index.php?rest_route=\/wp\/v2\/pages\/678\/revisions\/833"}],"wp:attachment":[{"href":"https:\/\/bkb.boleslawiec.pl\/index.php?rest_route=%2Fwp%2Fv2%2Fmedia&parent=678"}],"curies":[{"name":"wp","href":"https:\/\/api.w.org\/{rel}","templated":true}]}}