{"id":67,"date":"2015-05-07T14:37:33","date_gmt":"2015-05-07T12:37:33","guid":{"rendered":"http:\/\/bkb.boleslawiec.pl\/?page_id=67"},"modified":"2024-09-25T10:32:47","modified_gmt":"2024-09-25T08:32:47","slug":"turnieje-lokalne","status":"publish","type":"page","link":"https:\/\/bkb.boleslawiec.pl\/?page_id=67","title":{"rendered":"Turnieje lokalne"},"content":{"rendered":"<p>Turnieje klubowe odbywaj\u0105 si\u0119 w restauracji Toscano na boles\u0142awieckim rynku. W poniedzia\u0142ki rozgrywany jest turniej na zapis maksymalny, a w czwartek cavendish u\u015bredniony.<\/p>\n<p>Pocz\u0105wszy od czwartku 26.09.2024<\/p>\n<ul>\n<li style=\"list-style-type: none;\">\n<ul>\n<li>pocz\u0105tek turniej\u00f3w o <strong>16.30<\/strong><\/li>\n<\/ul>\n<\/li>\n<\/ul>\n<p>Je\u015bli w poniedzia\u0142ek przypada \u015bwi\u0119to to gramy w pierwszy dzie\u0144 powszedni nast\u0119puj\u0105cy po poniedzia\u0142ku. S\u0142owem turnieje poniedzia\u0142kowe nie przepadaj\u0105 \ud83d\ude42<br \/>\nJe\u015bli w czwartek przypada \u015bwi\u0119to to umawiamy si\u0119 czy i kiedy rozgrywamy turniej.<\/p>\n<p>Wszystkie turnieje rozgrywane na powielanych rozdaniach liczone w BridgeSpider. Zapisy prowadzone z u\u017cyciem pierniczk\u00f3w.<\/p>\n<p>Turnieje poniedzia\u0142kowe liczone s\u0105 do dwumiesi\u0119cznej punktacji d\u0142ugofalowej. W drugi poniedzia\u0142ek miesi\u0105ca rozgrywany jest turniej w ramach KMP, w czwarty poniedzia\u0142ek miesi\u0105ca &#8211; KMP IMP (chyba \u017ce harmonogram tych rozgrywek m\u00f3wi inaczej).<\/p>\n<p>Zapraszamy ch\u0119tnych do gry w bryd\u017ca sportowego.<\/p>\n","protected":false},"excerpt":{"rendered":"<p>Turnieje klubowe odbywaj\u0105 si\u0119 w restauracji Toscano na boles\u0142awieckim rynku. W poniedzia\u0142ki rozgrywany jest turniej na zapis maksymalny, a w czwartek cavendish u\u015bredniony. Pocz\u0105wszy od czwartku 26.09.2024 pocz\u0105tek turniej\u00f3w o 16.30 Je\u015bli w poniedzia\u0142ek przypada \u015bwi\u0119to to gramy w pierwszy dzie\u0144 powszedni nast\u0119puj\u0105cy po poniedzia\u0142ku. S\u0142owem turnieje poniedzia\u0142kowe nie przepadaj\u0105 \ud83d\ude42 Je\u015bli w czwartek przypada &hellip; <a href=\"https:\/\/bkb.boleslawiec.pl\/?page_id=67\" class=\"more-link\">Czytaj dalej <span class=\"screen-reader-text\">Turnieje lokalne<\/span><\/a><\/p>\n","protected":false},"author":2,"featured_media":0,"parent":0,"menu_order":0,"comment_status":"open","ping_status":"open","template":"","meta":[],"_links":{"self":[{"href":"https:\/\/bkb.boleslawiec.pl\/index.php?rest_route=\/wp\/v2\/pages\/67"}],"collection":[{"href":"https:\/\/bkb.boleslawiec.pl\/index.php?rest_route=\/wp\/v2\/pages"}],"about":[{"href":"https:\/\/bkb.boleslawiec.pl\/index.php?rest_route=\/wp\/v2\/types\/page"}],"author":[{"embeddable":true,"href":"https:\/\/bkb.boleslawiec.pl\/index.php?rest_route=\/wp\/v2\/users\/2"}],"replies":[{"embeddable":true,"href":"https:\/\/bkb.boleslawiec.pl\/index.php?rest_route=%2Fwp%2Fv2%2Fcomments&post=67"}],"version-history":[{"count":6,"href":"https:\/\/bkb.boleslawiec.pl\/index.php?rest_route=\/wp\/v2\/pages\/67\/revisions"}],"predecessor-version":[{"id":1698,"href":"https:\/\/bkb.boleslawiec.pl\/index.php?rest_route=\/wp\/v2\/pages\/67\/revisions\/1698"}],"wp:attachment":[{"href":"https:\/\/bkb.boleslawiec.pl\/index.php?rest_route=%2Fwp%2Fv2%2Fmedia&parent=67"}],"curies":[{"name":"wp","href":"https:\/\/api.w.org\/{rel}","templated":true}]}}