{"id":501,"date":"2017-01-02T22:28:44","date_gmt":"2017-01-02T21:28:44","guid":{"rendered":"http:\/\/bkb.boleslawiec.pl\/?page_id=501"},"modified":"2017-12-30T08:51:45","modified_gmt":"2017-12-30T07:51:45","slug":"2017-2","status":"publish","type":"page","link":"https:\/\/bkb.boleslawiec.pl\/?page_id=501","title":{"rendered":"2017"},"content":{"rendered":"<h3 style=\"text-align: center;\"><b>Turnieje poniedzia\u0142kowe<\/b><\/h3>\n<div align=\"center\">\n<table border=\"0\" width=\"400\">\n<tbody>\n<tr>\n<td width=\"93\">grudzie\u0144<\/td>\n<td width=\"60\"><a href=\"wyniki\/2017\/171204\/W-bc171204.html\" target=\"_blank\" rel=\"noopener\">4<\/a><\/td>\n<td width=\"60\"><a href=\"wyniki\/2017\/171211\/W-bc171211.html\" target=\"_blank\" rel=\"noopener\">11<\/a><\/td>\n<td width=\"61\"><a href=\"wyniki\/2017\/171218\/W-bc171218.html\" target=\"_blank\" rel=\"noopener\">18<\/a><\/td>\n<td width=\"61\"><a href=\"wyniki\/2017\/171227\/W-bc171227.html\" target=\"_blank\" rel=\"noopener\">27<\/a><\/td>\n<td width=\"61\"><\/td>\n<\/tr>\n<tr>\n<td width=\"93\">listopad<\/td>\n<td width=\"60\"><a href=\"wyniki\/2017\/171106\/W-bc171106.html\" target=\"_blank\" rel=\"noopener\">6<\/a><\/td>\n<td width=\"60\"><a href=\"wyniki\/2017\/171113\/W-bc171113.html\" target=\"_blank\" rel=\"noopener\">13<\/a><\/td>\n<td width=\"61\"><a href=\"wyniki\/2017\/171120\/W-bc171120.html\" target=\"_blank\" rel=\"noopener\">20<\/a><\/td>\n<td width=\"61\"><a href=\"wyniki\/2017\/171127\/W-bc171127.html\" target=\"_blank\" rel=\"noopener\">27<\/a><\/td>\n<td width=\"61\"><\/td>\n<\/tr>\n<tr>\n<td width=\"93\">pa\u017adziernik<\/td>\n<td width=\"60\"><a href=\"wyniki\/2017\/171002\/W-bc171002.html\" target=\"_blank\" rel=\"noopener\">2<\/a><\/td>\n<td width=\"60\"><a href=\"wyniki\/2017\/171009\/W-bc171009.html\" target=\"_blank\" rel=\"noopener\">9<\/a><\/td>\n<td width=\"61\"><a href=\"wyniki\/2017\/171016\/W-bc171016.html\" target=\"_blank\" rel=\"noopener\">16<\/a><\/td>\n<td width=\"61\"><a href=\"wyniki\/2017\/171023\/W-bc171023.html\" target=\"_blank\" rel=\"noopener\">23<\/a><\/td>\n<td width=\"61\"><a href=\"wyniki\/2017\/171030\/W-bc171030.html\" target=\"_blank\" rel=\"noopener\">30<\/a><\/td>\n<\/tr>\n<tr>\n<td width=\"93\">wrzesie\u0144<\/td>\n<td width=\"60\"><a href=\"wyniki\/2017\/170904\/W-bc170904.html\" target=\"_blank\" rel=\"noopener\">4<\/a><\/td>\n<td width=\"60\"><a href=\"wyniki\/2017\/170911\/W-bc170911.html\" target=\"_blank\" rel=\"noopener\">11<\/a><\/td>\n<td width=\"61\"><a href=\"wyniki\/2017\/170918\/W-bc170918.html\" target=\"_blank\" rel=\"noopener\">18<\/a><\/td>\n<td width=\"61\"><a href=\"wyniki\/2017\/170925\/W-bc170925.html\" target=\"_blank\" rel=\"noopener\">25<\/a><\/td>\n<td width=\"61\"><\/td>\n<\/tr>\n<tr>\n<td width=\"93\">sierpie\u0144<\/td>\n<td width=\"60\"><a href=\"wyniki\/2017\/170807\/W-bc170807.html\" target=\"_blank\" rel=\"noopener\">7<\/a><\/td>\n<td width=\"60\"><a href=\"wyniki\/2017\/170814\/W-bc170814.html\" target=\"_blank\" rel=\"noopener\">14<\/a><\/td>\n<td width=\"61\"><a href=\"wyniki\/2017\/170821\/W-bc170821.html\" target=\"_blank\" rel=\"noopener\">21<\/a><\/td>\n<td width=\"61\"><a href=\"wyniki\/2017\/170828\/W-bc170828.html\" target=\"_blank\" rel=\"noopener\">28<\/a><\/td>\n<td width=\"61\"><\/td>\n<\/tr>\n<tr>\n<td width=\"93\">lipiec<\/td>\n<td width=\"60\"><a href=\"wyniki\/2017\/170710\/W-bc170710.html\" target=\"_blank\" rel=\"noopener\">10<\/a><\/td>\n<td width=\"60\"><a href=\"wyniki\/2017\/170717\/W-bc170717.html\" target=\"_blank\" rel=\"noopener\">17<\/a><\/td>\n<td width=\"61\"><a href=\"wyniki\/2017\/170724\/W-bc170724.html\" target=\"_blank\" rel=\"noopener\">24<\/a><\/td>\n<td width=\"61\">\u00a0<a href=\"wyniki\/2017\/170731\/W-bc170731.html\" target=\"_blank\" rel=\"noopener\">31<\/a><\/td>\n<td width=\"61\"><\/td>\n<\/tr>\n<tr>\n<td width=\"93\">czerwiec<\/td>\n<td width=\"60\"><a href=\"wyniki\/2017\/170606\/W-bc170606.html\" target=\"_blank\" rel=\"noopener\">6<\/a><\/td>\n<td width=\"60\"><a href=\"wyniki\/2017\/170612\/W-bc170612.html\" target=\"_blank\" rel=\"noopener\">12<\/a><\/td>\n<td width=\"61\"><a href=\"wyniki\/2017\/170619\/W-bc170619.html\" target=\"_blank\" rel=\"noopener\">19<\/a><\/td>\n<td width=\"61\"><a href=\"wyniki\/2017\/170626\/W-bc170626.html\" target=\"_blank\" rel=\"noopener\">26<\/a><\/td>\n<td width=\"61\"><\/td>\n<\/tr>\n<tr>\n<td width=\"93\">maj<\/td>\n<td width=\"60\"><a href=\"wyniki\/2017\/170502\/W-bc170502.html\" target=\"_blank\" rel=\"noopener\">2<\/a><\/td>\n<td width=\"60\"><a href=\"wyniki\/2017\/170508\/W-bc170508.html\" target=\"_blank\" rel=\"noopener\">8<\/a><\/td>\n<td width=\"61\"><a href=\"wyniki\/2017\/170515\/W-bc170515.html\" target=\"_blank\" rel=\"noopener\">15<\/a><\/td>\n<td width=\"61\"><a href=\"wyniki\/2017\/170522\/W-bc170522.html\" target=\"_blank\" rel=\"noopener\">22<\/a><\/td>\n<td width=\"61\"><a href=\"wyniki\/2017\/170529\/W-bc170529.html\" target=\"_blank\" rel=\"noopener\">29<\/a><\/td>\n<\/tr>\n<tr>\n<td width=\"93\">kwiecie\u0144<\/td>\n<td width=\"60\"><a href=\"wyniki\/2017\/170403\/W-bc170403.html\" target=\"_blank\" rel=\"noopener\">3<\/a><\/td>\n<td width=\"60\"><a href=\"wyniki\/2017\/170410\/W-bc170410.html\" target=\"_blank\" rel=\"noopener\">10<\/a><\/td>\n<td width=\"61\"><a href=\"wyniki\/2017\/170418\/W-bc170418.html\" target=\"_blank\" rel=\"noopener\">18<\/a><\/td>\n<td width=\"61\"><a href=\"wyniki\/2017\/170424\/W-bc170424.html\" target=\"_blank\" rel=\"noopener\">24<\/a><\/td>\n<td width=\"61\"><\/td>\n<\/tr>\n<tr>\n<td width=\"93\">marzec<\/td>\n<td width=\"60\"><a href=\"wyniki\/2017\/170306\/W-bc170306.html\" target=\"_blank\" rel=\"noopener\">6<\/a><\/td>\n<td width=\"60\"><a href=\"wyniki\/2017\/170313\/W-bc170313.html\" target=\"_blank\" rel=\"noopener\">13<\/a><\/td>\n<td width=\"61\"><a href=\"wyniki\/2017\/170320\/W-bc170320.html\" target=\"_blank\" rel=\"noopener\">20<\/a><\/td>\n<td width=\"61\"><a href=\"wyniki\/2017\/170327\/W-bc170327.html\" target=\"_blank\" rel=\"noopener\">27<\/a><\/td>\n<td width=\"61\"><\/td>\n<\/tr>\n<tr>\n<td width=\"93\">luty<\/td>\n<td width=\"60\"><a href=\"wyniki\/2017\/170206\/W-bc170206.html\" target=\"_blank\" rel=\"noopener\">6<\/a><\/td>\n<td width=\"60\"><a href=\"wyniki\/2017\/170213\/W-bc170213.html\" target=\"_blank\" rel=\"noopener\">13<\/a><\/td>\n<td width=\"61\"><a href=\"wyniki\/2017\/170220\/W-bc170220.html\" target=\"_blank\" rel=\"noopener\">20<\/a><\/td>\n<td width=\"61\"><a href=\"wyniki\/2017\/170227\/W-bc170227.html\" target=\"_blank\" rel=\"noopener\">27<\/a><\/td>\n<td width=\"61\"><\/td>\n<\/tr>\n<tr>\n<td width=\"93\">stycze\u0144<\/td>\n<td width=\"60\"><a href=\"wyniki\/2017\/170102\/W-bc170102.html\" target=\"_blank\" rel=\"noopener\">2<\/a><\/td>\n<td width=\"60\"><a href=\"wyniki\/2017\/170109\/W-bc170109.html\" target=\"_blank\" rel=\"noopener\">9<\/a><\/td>\n<td width=\"61\"><a href=\"wyniki\/2017\/170116\/W-bc170116.html\" target=\"_blank\" rel=\"noopener\">16<\/a><\/td>\n<td width=\"61\"><a href=\"wyniki\/2017\/170123\/W-bc170123.html\" target=\"_blank\" rel=\"noopener\">23<\/a><\/td>\n<td width=\"61\"><a href=\"wyniki\/2017\/170130\/W-bc170130.html\" target=\"_blank\" rel=\"noopener\">30<\/a><\/td>\n<\/tr>\n<\/tbody>\n<\/table>\n<\/div>\n<h3 style=\"margin-top: 12px; margin-bottom: 3px;\" align=\"center\">Punktacja d\u0142ugofalowa<\/h3>\n<div align=\"center\">\n<table style=\"border-left-width: 0px; border-right-width: 0px; border-bottom-width: 0px;\" border=\"0\" width=\"400\">\n<tbody>\n<tr>\n<td width=\"17%\" height=\"1\"><a href=\"wyniki\/2017\/fala0708.html\" target=\"_blank\" rel=\"noopener\">lipiec-sierpie\u0144<\/a><\/td>\n<td width=\"25%\" height=\"1\"><a href=\"wyniki\/2017\/fala0910.html\" target=\"_blank\" rel=\"noopener\">wrzesie\u0144-pa\u017adziernik<\/a><\/td>\n<td width=\"21%\" height=\"1\"><a href=\"wyniki\/2017\/fala1112.html\" target=\"_blank\" rel=\"noopener\">listopad-grudzie\u0144<\/a><\/td>\n<\/tr>\n<tr>\n<td style=\"border-bottom-style: none; border-bottom-width: medium;\" width=\"17%\" height=\"1\"><a href=\"wyniki\/2017\/fala0102.html\" target=\"_blank\" rel=\"noopener\">stycze\u0144 &#8211; luty<\/a><\/td>\n<td style=\"border-bottom-style: none; border-bottom-width: medium;\" width=\"25%\" height=\"1\"><a href=\"wyniki\/2017\/fala0304.html\" target=\"_blank\" rel=\"noopener\">marzec-kwiecie\u0144<\/a><\/td>\n<td style=\"border-bottom-style: none; border-bottom-width: medium;\" width=\"21%\" height=\"1\"><a href=\"wyniki\/2017\/fala0506.html\" target=\"_blank\" rel=\"noopener\">maj-czerwiec<\/a><\/td>\n<\/tr>\n<\/tbody>\n<\/table>\n<\/div>\n<h3 style=\"margin-top: 12px; margin-bottom: 3px;\" align=\"center\"><b>Turnieje czwartkowe<\/b><\/h3>\n<div align=\"center\">\n<table border=\"0\" width=\"400\">\n<tbody>\n<tr>\n<td width=\"93\">grudzie\u0144<\/td>\n<td width=\"60\"><a href=\"wyniki\/2017\/171207\/W-bc171207.html\" target=\"_blank\" rel=\"noopener\">7<\/a><\/td>\n<td width=\"60\"><a href=\"wyniki\/2017\/171214\/W-bc171214.html\" target=\"_blank\" rel=\"noopener\">14<\/a><\/td>\n<td width=\"61\"><a href=\"wyniki\/2017\/171221\/W-bc171221.html\" target=\"_blank\" rel=\"noopener\">21<\/a><\/td>\n<td width=\"61\"><a href=\"wyniki\/2017\/171229\/W-bc171229.html\" target=\"_blank\" rel=\"noopener\">29<\/a><\/td>\n<td width=\"61\"><\/td>\n<\/tr>\n<tr>\n<td width=\"93\">listopad<\/td>\n<td width=\"60\"><a href=\"wyniki\/2017\/171102\/W-bc171102.html\" target=\"_blank\" rel=\"noopener\">2<\/a><\/td>\n<td width=\"60\"><a href=\"wyniki\/2017\/171109\/W-bc171109.html\" target=\"_blank\" rel=\"noopener\">9<\/a><\/td>\n<td width=\"61\"><a href=\"wyniki\/2017\/171116\/W-bc171116.html\" target=\"_blank\" rel=\"noopener\">16<\/a><\/td>\n<td width=\"61\"><a href=\"wyniki\/2017\/171123\/W-bc171123.html\" target=\"_blank\" rel=\"noopener\">23<\/a><\/td>\n<td width=\"61\"><a href=\"wyniki\/2017\/171130\/W-bc171130.html\" target=\"_blank\" rel=\"noopener\">30<\/a><\/td>\n<\/tr>\n<tr>\n<td width=\"93\">pa\u017adziernik<\/td>\n<td width=\"60\"><a href=\"wyniki\/2017\/171012\/W-bc171012.html\" target=\"_blank\" rel=\"noopener\">12<\/a><\/td>\n<td width=\"60\"><a href=\"wyniki\/2017\/171019\/W-bc171019.html\" target=\"_blank\" rel=\"noopener\">19<\/a><\/td>\n<td width=\"61\"><a href=\"wyniki\/2017\/171026\/W-bc171026.html\" target=\"_blank\" rel=\"noopener\">26<\/a><\/td>\n<td width=\"61\"><\/td>\n<td width=\"61\"><\/td>\n<\/tr>\n<tr>\n<td width=\"93\">wrzesie\u0144<\/td>\n<td width=\"60\"><a href=\"wyniki\/2017\/170907\/W-bc170907.html\" target=\"_blank\" rel=\"noopener\">7<\/a><\/td>\n<td width=\"60\"><a href=\"wyniki\/2017\/170914\/W-bc170914.html\" target=\"_blank\" rel=\"noopener\">14<\/a><\/td>\n<td width=\"61\"><a href=\"wyniki\/2017\/170928\/W-bc170928.html\" target=\"_blank\" rel=\"noopener\">28<\/a><\/td>\n<td width=\"61\"><\/td>\n<td width=\"61\"><\/td>\n<\/tr>\n<tr>\n<td width=\"93\">sierpie\u0144<\/td>\n<td width=\"60\"><a href=\"wyniki\/2017\/170803\/W-bc170803.html\" target=\"_blank\" rel=\"noopener\">3<\/a><\/td>\n<td width=\"60\"><a href=\"wyniki\/2017\/170810\/W-bc170810.html\" target=\"_blank\" rel=\"noopener\">10<\/a><\/td>\n<td width=\"61\"><a href=\"wyniki\/2017\/170817\/W-bc170817.html\" target=\"_blank\" rel=\"noopener\">17<\/a><\/td>\n<td width=\"61\"><a href=\"wyniki\/2017\/170824\/W-bc170824.html\" target=\"_blank\" rel=\"noopener\">24<\/a><\/td>\n<td width=\"61\"><a href=\"wyniki\/2017\/170831\/W-bc170831.html\" target=\"_blank\" rel=\"noopener\">31<\/a><\/td>\n<\/tr>\n<tr>\n<td width=\"93\">lipiec<\/td>\n<td width=\"60\"><a href=\"wyniki\/2017\/170713\/W-bc170713.html\" target=\"_blank\" rel=\"noopener\">13<\/a><\/td>\n<td width=\"60\"><a href=\"wyniki\/2017\/170720\/W-bc170720.html\" target=\"_blank\" rel=\"noopener\">20<\/a><\/td>\n<td width=\"61\"><a href=\"wyniki\/2017\/170727\/W-bc170727.html\" target=\"_blank\" rel=\"noopener\">27<\/a><\/td>\n<td width=\"61\"><\/td>\n<td width=\"61\"><\/td>\n<\/tr>\n<tr>\n<td width=\"93\">czerwiec<\/td>\n<td width=\"60\"><a href=\"wyniki\/2017\/170601\/W-bc170601.html\" target=\"_blank\" rel=\"noopener\">1<\/a><\/td>\n<td width=\"60\"><a href=\"wyniki\/2017\/170608\/W-bc170608.html\" target=\"_blank\" rel=\"noopener\">8<\/a><\/td>\n<td width=\"61\"><a href=\"wyniki\/2017\/170615\/W-bc170615.html\" target=\"_blank\" rel=\"noopener\">15<\/a><\/td>\n<td width=\"61\"><a href=\"wyniki\/2017\/170622\/W-bc170622.html\" target=\"_blank\" rel=\"noopener\">22<\/a><\/td>\n<td width=\"61\"><\/td>\n<\/tr>\n<tr>\n<td width=\"93\">maj<\/td>\n<td width=\"60\"><a href=\"wyniki\/2017\/170504\/W-bc170504.html\" target=\"_blank\" rel=\"noopener\">4<\/a><\/td>\n<td width=\"60\"><a href=\"wyniki\/2017\/170511\/W-bc170511.html\" target=\"_blank\" rel=\"noopener\">11<\/a><\/td>\n<td width=\"61\"><a href=\"wyniki\/2017\/170518\/W-bc170518.html\" target=\"_blank\" rel=\"noopener\">18<\/a><\/td>\n<td width=\"61\"><a href=\"wyniki\/2017\/170525\/W-bc170525.html\" target=\"_blank\" rel=\"noopener\">25<\/a><\/td>\n<td width=\"61\"><\/td>\n<\/tr>\n<tr>\n<td width=\"93\">kwiecie\u0144<\/td>\n<td width=\"60\"><a href=\"wyniki\/2017\/170406\/W-bc170406.html\" target=\"_blank\" rel=\"noopener\">6<\/a><\/td>\n<td width=\"60\"><a href=\"wyniki\/2017\/170413\/W-bc170413.html\" target=\"_blank\" rel=\"noopener\">13<\/a><\/td>\n<td width=\"61\"><a href=\"wyniki\/2017\/170420\/W-bc170420.html\" target=\"_blank\" rel=\"noopener\">20<\/a><\/td>\n<td width=\"61\"><a href=\"wyniki\/2017\/170427\/W-bc170427.html\" target=\"_blank\" rel=\"noopener\">27<\/a><\/td>\n<td width=\"61\"><\/td>\n<\/tr>\n<tr>\n<td width=\"94\">marzec<\/td>\n<td width=\"60\"><a href=\"wyniki\/2017\/170302\/W-bc170302.html\" target=\"_blank\" rel=\"noopener\">2<\/a><\/td>\n<td width=\"60\"><a href=\"wyniki\/2017\/170309\/W-bc170309.html\" target=\"_blank\" rel=\"noopener\">9<\/a><\/td>\n<td width=\"61\"><a href=\"wyniki\/2017\/170316\/W-bc170316.html\" target=\"_blank\" rel=\"noopener\">16<\/a><\/td>\n<td width=\"61\"><a href=\"wyniki\/2017\/170323\/W-bc170323.html\" target=\"_blank\" rel=\"noopener\">23<\/a><\/td>\n<td width=\"61\"><a href=\"wyniki\/2017\/170330\/W-bc170330.html\" target=\"_blank\" rel=\"noopener\">30<\/a><\/td>\n<\/tr>\n<tr>\n<td width=\"94\">luty<\/td>\n<td width=\"60\"><a href=\"wyniki\/2017\/170202\/W-bc170202.html\" target=\"_blank\" rel=\"noopener\">2<\/a><\/td>\n<td width=\"60\"><a href=\"wyniki\/2017\/170209\/W-bc170209.html\" target=\"_blank\" rel=\"noopener\">9<\/a><\/td>\n<td width=\"61\"><a href=\"wyniki\/2017\/170216\/W-bc170216.html\" target=\"_blank\" rel=\"noopener\">16<\/a><\/td>\n<td width=\"61\"><a href=\"wyniki\/2017\/170223\/W-bc170223.html\" target=\"_blank\" rel=\"noopener\">23<\/a><\/td>\n<td width=\"61\"><\/td>\n<\/tr>\n<tr>\n<td width=\"94\">stycze\u0144<\/td>\n<td width=\"60\"><a href=\"wyniki\/2017\/170105\/W-bc170105.html\" target=\"_blank\" rel=\"noopener\">5<\/a><\/td>\n<td width=\"60\"><a href=\"wyniki\/2017\/170112\/W-bc170112.html\" target=\"_blank\" rel=\"noopener\">12<\/a><\/td>\n<td width=\"61\"><a href=\"wyniki\/2017\/170119\/W-bc170119.html\" target=\"_blank\" rel=\"noopener\">19<\/a><\/td>\n<td width=\"61\"><a href=\"wyniki\/2017\/170126\/W-bc170126.html\" target=\"_blank\" rel=\"noopener\">26<\/a><\/td>\n<td width=\"61\"><\/td>\n<\/tr>\n<\/tbody>\n<\/table>\n<\/div>\n","protected":false},"excerpt":{"rendered":"<p>Turnieje poniedzia\u0142kowe grudzie\u0144 4 11 18 27 listopad 6 13 20 27 pa\u017adziernik 2 9 16 23 30 wrzesie\u0144 4 11 18 25 sierpie\u0144 7 14 21 28 lipiec 10 17 24 \u00a031 czerwiec 6 12 19 26 maj 2 8 15 22 29 kwiecie\u0144 3 10 18 24 marzec 6 13 20 27 luty &hellip; <a href=\"https:\/\/bkb.boleslawiec.pl\/?page_id=501\" class=\"more-link\">Czytaj dalej <span class=\"screen-reader-text\">2017<\/span><\/a><\/p>\n","protected":false},"author":2,"featured_media":0,"parent":0,"menu_order":0,"comment_status":"closed","ping_status":"closed","template":"","meta":[],"_links":{"self":[{"href":"https:\/\/bkb.boleslawiec.pl\/index.php?rest_route=\/wp\/v2\/pages\/501"}],"collection":[{"href":"https:\/\/bkb.boleslawiec.pl\/index.php?rest_route=\/wp\/v2\/pages"}],"about":[{"href":"https:\/\/bkb.boleslawiec.pl\/index.php?rest_route=\/wp\/v2\/types\/page"}],"author":[{"embeddable":true,"href":"https:\/\/bkb.boleslawiec.pl\/index.php?rest_route=\/wp\/v2\/users\/2"}],"replies":[{"embeddable":true,"href":"https:\/\/bkb.boleslawiec.pl\/index.php?rest_route=%2Fwp%2Fv2%2Fcomments&post=501"}],"version-history":[{"count":110,"href":"https:\/\/bkb.boleslawiec.pl\/index.php?rest_route=\/wp\/v2\/pages\/501\/revisions"}],"predecessor-version":[{"id":672,"href":"https:\/\/bkb.boleslawiec.pl\/index.php?rest_route=\/wp\/v2\/pages\/501\/revisions\/672"}],"wp:attachment":[{"href":"https:\/\/bkb.boleslawiec.pl\/index.php?rest_route=%2Fwp%2Fv2%2Fmedia&parent=501"}],"curies":[{"name":"wp","href":"https:\/\/api.w.org\/{rel}","templated":true}]}}