{"id":37,"date":"2015-05-06T17:05:58","date_gmt":"2015-05-06T15:05:58","guid":{"rendered":"http:\/\/bkb.boleslawiec.pl\/?page_id=37"},"modified":"2022-06-06T16:15:19","modified_gmt":"2022-06-06T14:15:19","slug":"dokumenty-klubu","status":"publish","type":"page","link":"https:\/\/bkb.boleslawiec.pl\/?page_id=37","title":{"rendered":"Dokumenty Klubu"},"content":{"rendered":"<p><a href=\"https:\/\/bkb.boleslawiec.pl\/wp-content\/uploads\/2015\/05\/Statut-BKB.pdf\" target=\"_blank\" rel=\"noopener\">Statut BKB<\/a><\/p>\n<p><a href=\"https:\/\/bkb.boleslawiec.pl\/wp-content\/uploads\/2022\/06\/BKBoplaty2022.pdf\" target=\"_blank\" rel=\"noopener\">Uchwa\u0142a Zarz\u0105du z dnia 11.04.2022 w sprawie op\u0142at za turnieje <\/a><\/p>\n<p><a href=\"https:\/\/bkb.boleslawiec.pl\/wp-content\/uploads\/2022\/06\/BKBnagrody2022.pdf\" target=\"_blank\" rel=\"noopener\">Uchwa\u0142a Zarz\u0105du z dnia 31.05.2022 w sprawie<\/a><a href=\"https:\/\/bkb.boleslawiec.pl\/wp-content\/uploads\/2015\/05\/UZ_1_2011.pdf\" target=\"_blank\" rel=\"noopener\"> nagr\u00f3d w turniejach<\/a><\/p>\n<p><a href=\"https:\/\/bkb.boleslawiec.pl\/wp-content\/uploads\/2015\/05\/UZ_3_2011.pdf\" target=\"_blank\" rel=\"noopener\">Uchwa\u0142a w sprawie sk\u0142adek na rok 2012<\/a><\/p>\n<p><a href=\"https:\/\/bkb.boleslawiec.pl\/?attachment_id=110\" target=\"_blank\" rel=\"noopener\">Uchwa\u0142a Walnego Zebrania w sprawie kierunk\u00f3w dzia\u0142a\u0144 BKB<\/a><\/p>\n<p><a href=\"https:\/\/bkb.boleslawiec.pl\/wp-content\/uploads\/2015\/05\/RegulaminDF.pdf\" target=\"_blank\" rel=\"noopener\">Regulamin punktacji d\u0142ugofalowej<\/a><\/p>\n<p><a href=\"https:\/\/bkb.boleslawiec.pl\/wp-content\/uploads\/2015\/05\/RegulaminMB.pdf\" target=\"_blank\" rel=\"noopener\">Regulamin Otwartych Mistrzostw Boles\u0142awca<\/a><\/p>\n","protected":false},"excerpt":{"rendered":"<p>Statut BKB Uchwa\u0142a Zarz\u0105du z dnia 11.04.2022 w sprawie op\u0142at za turnieje Uchwa\u0142a Zarz\u0105du z dnia 31.05.2022 w sprawie nagr\u00f3d w turniejach Uchwa\u0142a w sprawie sk\u0142adek na rok 2012 Uchwa\u0142a Walnego Zebrania w sprawie kierunk\u00f3w dzia\u0142a\u0144 BKB Regulamin punktacji d\u0142ugofalowej Regulamin Otwartych Mistrzostw Boles\u0142awca<\/p>\n","protected":false},"author":2,"featured_media":0,"parent":0,"menu_order":0,"comment_status":"open","ping_status":"open","template":"","meta":[],"_links":{"self":[{"href":"https:\/\/bkb.boleslawiec.pl\/index.php?rest_route=\/wp\/v2\/pages\/37"}],"collection":[{"href":"https:\/\/bkb.boleslawiec.pl\/index.php?rest_route=\/wp\/v2\/pages"}],"about":[{"href":"https:\/\/bkb.boleslawiec.pl\/index.php?rest_route=\/wp\/v2\/types\/page"}],"author":[{"embeddable":true,"href":"https:\/\/bkb.boleslawiec.pl\/index.php?rest_route=\/wp\/v2\/users\/2"}],"replies":[{"embeddable":true,"href":"https:\/\/bkb.boleslawiec.pl\/index.php?rest_route=%2Fwp%2Fv2%2Fcomments&post=37"}],"version-history":[{"count":7,"href":"https:\/\/bkb.boleslawiec.pl\/index.php?rest_route=\/wp\/v2\/pages\/37\/revisions"}],"predecessor-version":[{"id":1223,"href":"https:\/\/bkb.boleslawiec.pl\/index.php?rest_route=\/wp\/v2\/pages\/37\/revisions\/1223"}],"wp:attachment":[{"href":"https:\/\/bkb.boleslawiec.pl\/index.php?rest_route=%2Fwp%2Fv2%2Fmedia&parent=37"}],"curies":[{"name":"wp","href":"https:\/\/api.w.org\/{rel}","templated":true}]}}