{"id":33,"date":"2015-05-06T17:00:29","date_gmt":"2015-05-06T15:00:29","guid":{"rendered":"http:\/\/bkb.boleslawiec.pl\/?page_id=33"},"modified":"2015-05-06T17:02:08","modified_gmt":"2015-05-06T15:02:08","slug":"komisja-rewizyjna","status":"publish","type":"page","link":"https:\/\/bkb.boleslawiec.pl\/?page_id=33","title":{"rendered":"Komisja Rewizyjna"},"content":{"rendered":"<p><strong>Przewodnicz\u0105cy<\/strong>:<br \/>\nJerzy Cychowski<br \/>\ne-mail: <a href=\"mailto:kamolek14@wp.pl\">kamolek14@wp.pl<\/a><\/p>\n<p><strong>Zast\u0119pca przewodnicz\u0105cego:<br \/>\n<\/strong>Roland Lippik<br \/>\ne-mail: <a href=\"mailto:sthgil@poczta.onet.pl\">sthgil@poczta.onet.pl<\/a><\/p>\n<p><strong>Sekretarz:<br \/>\n<\/strong>Dorota Kwintkiewicz<br \/>\ne-mail: <a href=\"mailto:dorota@lo.boleslawiec.pl\">dorota@lo.boleslawiec.pl<\/a><\/p>\n<p>&nbsp;<\/p>\n","protected":false},"excerpt":{"rendered":"<p>Przewodnicz\u0105cy: Jerzy Cychowski e-mail: kamolek14@wp.pl Zast\u0119pca przewodnicz\u0105cego: Roland Lippik e-mail: sthgil@poczta.onet.pl Sekretarz: Dorota Kwintkiewicz e-mail: dorota@lo.boleslawiec.pl &nbsp;<\/p>\n","protected":false},"author":2,"featured_media":0,"parent":0,"menu_order":0,"comment_status":"open","ping_status":"open","template":"","meta":[],"_links":{"self":[{"href":"https:\/\/bkb.boleslawiec.pl\/index.php?rest_route=\/wp\/v2\/pages\/33"}],"collection":[{"href":"https:\/\/bkb.boleslawiec.pl\/index.php?rest_route=\/wp\/v2\/pages"}],"about":[{"href":"https:\/\/bkb.boleslawiec.pl\/index.php?rest_route=\/wp\/v2\/types\/page"}],"author":[{"embeddable":true,"href":"https:\/\/bkb.boleslawiec.pl\/index.php?rest_route=\/wp\/v2\/users\/2"}],"replies":[{"embeddable":true,"href":"https:\/\/bkb.boleslawiec.pl\/index.php?rest_route=%2Fwp%2Fv2%2Fcomments&post=33"}],"version-history":[{"count":3,"href":"https:\/\/bkb.boleslawiec.pl\/index.php?rest_route=\/wp\/v2\/pages\/33\/revisions"}],"predecessor-version":[{"id":36,"href":"https:\/\/bkb.boleslawiec.pl\/index.php?rest_route=\/wp\/v2\/pages\/33\/revisions\/36"}],"wp:attachment":[{"href":"https:\/\/bkb.boleslawiec.pl\/index.php?rest_route=%2Fwp%2Fv2%2Fmedia&parent=33"}],"curies":[{"name":"wp","href":"https:\/\/api.w.org\/{rel}","templated":true}]}}