{"id":1545,"date":"2024-12-23T20:49:25","date_gmt":"2024-12-23T19:49:25","guid":{"rendered":"http:\/\/bkb.boleslawiec.pl\/?page_id=1545"},"modified":"2024-12-30T21:36:34","modified_gmt":"2024-12-30T20:36:34","slug":"2024-2","status":"publish","type":"page","link":"https:\/\/bkb.boleslawiec.pl\/?page_id=1545","title":{"rendered":"2024"},"content":{"rendered":"\n<h1><strong>Turnieje poniedzia\u0142kowe<\/strong><\/h1>\n\n\n\n<figure class=\"wp-block-table\"><table><tbody><tr><td>grudzie\u0144<\/td><td><a href=\"https:\/\/bkb.boleslawiec.pl\/wyniki\/2024\/241202\/\" target=\"_blank\" rel=\"noreferrer noopener\">2<\/a><\/td><td><a href=\"https:\/\/bkb.boleslawiec.pl\/wyniki\/2024\/241209\/\" target=\"_blank\" rel=\"noreferrer noopener\">9<\/a><\/td><td><a href=\"https:\/\/bkb.boleslawiec.pl\/wyniki\/2024\/241216\/\" target=\"_blank\" rel=\"noreferrer noopener\">16<\/a><\/td><td><a href=\"https:\/\/bkb.boleslawiec.pl\/wyniki\/2024\/241223\/\" target=\"_blank\" rel=\"noreferrer noopener\">23<\/a><\/td><td><a href=\"https:\/\/bkb.boleslawiec.pl\/wyniki\/2024\/241230\/\" target=\"_blank\" rel=\"noreferrer noopener\">30<\/a><\/td><\/tr><tr><td>listopad<\/td><td><a href=\"https:\/\/bkb.boleslawiec.pl\/wyniki\/2024\/241104\/\" target=\"_blank\" rel=\"noreferrer noopener\">4<\/a><\/td><td><a href=\"https:\/\/bkb.boleslawiec.pl\/wyniki\/2024\/241112\/\" target=\"_blank\" rel=\"noreferrer noopener\">12<\/a><\/td><td><a href=\"https:\/\/bkb.boleslawiec.pl\/wyniki\/2024\/241118\/\" target=\"_blank\" rel=\"noreferrer noopener\">18<\/a><\/td><td><a href=\"https:\/\/bkb.boleslawiec.pl\/wyniki\/2024\/241125\/\" target=\"_blank\" rel=\"noreferrer noopener\">25<\/a><\/td><td><\/td><\/tr><tr><td>pa\u017adziernik<\/td><td><a href=\"https:\/\/bkb.boleslawiec.pl\/wyniki\/2024\/241007\/\" target=\"_blank\" rel=\"noreferrer noopener\">7<\/a><\/td><td><a href=\"https:\/\/bkb.boleslawiec.pl\/wyniki\/2024\/241014\/\" target=\"_blank\" rel=\"noreferrer noopener\">14<\/a><\/td><td><a href=\"https:\/\/bkb.boleslawiec.pl\/wyniki\/2024\/241021\/\" target=\"_blank\" rel=\"noreferrer noopener\">21<\/a><\/td><td><a href=\"https:\/\/bkb.boleslawiec.pl\/wyniki\/2024\/241028\/\" target=\"_blank\" rel=\"noreferrer noopener\">28<\/a><\/td><td><\/td><\/tr><tr><td>wrzesie\u0144<\/td><td><a href=\"https:\/\/bkb.boleslawiec.pl\/wyniki\/2024\/240902\/\" target=\"_blank\" rel=\"noreferrer noopener\">2<\/a><\/td><td><a href=\"https:\/\/bkb.boleslawiec.pl\/wyniki\/2024\/240909\/\" target=\"_blank\" rel=\"noreferrer noopener\">9<\/a><\/td><td><a href=\"https:\/\/bkb.boleslawiec.pl\/wyniki\/2024\/240916\/\" target=\"_blank\" rel=\"noreferrer noopener\">16<\/a><\/td><td><a href=\"https:\/\/bkb.boleslawiec.pl\/wyniki\/2024\/240923\/\" target=\"_blank\" rel=\"noreferrer noopener\">23<\/a><\/td><td><a href=\"https:\/\/bkb.boleslawiec.pl\/wyniki\/2024\/240930\/\" target=\"_blank\" rel=\"noreferrer noopener\">30<\/a><\/td><\/tr><tr><td>sierpie\u0144<\/td><td><a href=\"https:\/\/bkb.boleslawiec.pl\/wyniki\/2024\/240805\/\" target=\"_blank\" rel=\"noreferrer noopener\">5<\/a><\/td><td><a href=\"https:\/\/bkb.boleslawiec.pl\/wyniki\/2024\/240812\/\" target=\"_blank\" rel=\"noreferrer noopener\">12<\/a><\/td><td><a href=\"https:\/\/bkb.boleslawiec.pl\/wyniki\/2024\/240819\/\" target=\"_blank\" rel=\"noreferrer noopener\">19<\/a><\/td><td><a href=\"https:\/\/bkb.boleslawiec.pl\/wyniki\/2024\/240826\/\" target=\"_blank\" rel=\"noreferrer noopener\">26<\/a><\/td><td><\/td><\/tr><tr><td>lipiec<\/td><td><a href=\"https:\/\/bkb.boleslawiec.pl\/wyniki\/2024\/240701\/\" target=\"_blank\" rel=\"noreferrer noopener\">1<\/a><\/td><td><a href=\"https:\/\/bkb.boleslawiec.pl\/wyniki\/2024\/240708\/\" target=\"_blank\" rel=\"noreferrer noopener\">8<\/a><\/td><td><a href=\"https:\/\/bkb.boleslawiec.pl\/wyniki\/2024\/240715\/\" target=\"_blank\" rel=\"noreferrer noopener\">15<\/a><\/td><td><a href=\"https:\/\/bkb.boleslawiec.pl\/wyniki\/2024\/240722\/\" target=\"_blank\" rel=\"noreferrer noopener\">22<\/a><\/td><td><a href=\"https:\/\/bkb.boleslawiec.pl\/wyniki\/2024\/240729\/\" target=\"_blank\" rel=\"noreferrer noopener\">29<\/a><\/td><\/tr><tr><td>czerwiec<\/td><td><a href=\"https:\/\/bkb.boleslawiec.pl\/wyniki\/2024\/240603\/\" target=\"_blank\" rel=\"noreferrer noopener\">3<\/a><\/td><td><a href=\"https:\/\/bkb.boleslawiec.pl\/wyniki\/2024\/240610\/\" target=\"_blank\" rel=\"noreferrer noopener\">10<\/a><\/td><td><a href=\"https:\/\/bkb.boleslawiec.pl\/wyniki\/2024\/240617\/\" target=\"_blank\" rel=\"noreferrer noopener\">17<\/a><\/td><td><\/td><td><\/td><\/tr><tr><td>maj<\/td><td><a href=\"https:\/\/bkb.boleslawiec.pl\/wyniki\/2024\/240506\/\" target=\"_blank\" rel=\"noreferrer noopener\">6<\/a><\/td><td><a href=\"https:\/\/bkb.boleslawiec.pl\/wyniki\/2024\/240513\/\" target=\"_blank\" rel=\"noreferrer noopener\">13<\/a><\/td><td><a href=\"https:\/\/bkb.boleslawiec.pl\/wyniki\/2024\/240520\/\" target=\"_blank\" rel=\"noreferrer noopener\">20<\/a><\/td><td><a href=\"https:\/\/bkb.boleslawiec.pl\/wyniki\/2024\/240527\/\" target=\"_blank\" rel=\"noreferrer noopener\">27<\/a><\/td><td><\/td><\/tr><tr><td>kwiecie\u0144<\/td><td><a href=\"https:\/\/bkb.boleslawiec.pl\/wyniki\/2024\/240402\/\" target=\"_blank\" rel=\"noreferrer noopener\">2<\/a><\/td><td><a href=\"https:\/\/bkb.boleslawiec.pl\/wyniki\/2024\/240408\/\" target=\"_blank\" rel=\"noreferrer noopener\">8<\/a><\/td><td><a href=\"https:\/\/bkb.boleslawiec.pl\/wyniki\/2024\/240415\/\" target=\"_blank\" rel=\"noreferrer noopener\">15<\/a><\/td><td><a href=\"https:\/\/bkb.boleslawiec.pl\/wyniki\/2024\/240422\/\" target=\"_blank\" rel=\"noreferrer noopener\">22<\/a><\/td><td><a href=\"https:\/\/bkb.boleslawiec.pl\/wyniki\/2024\/240429\/\" target=\"_blank\" rel=\"noreferrer noopener\">29<\/a><\/td><\/tr><tr><td>marzec<\/td><td><a href=\"https:\/\/ftp.bridgescanner.com\/page\/dzbs\/wyniki\/bc\/2024\/240304\/index.html\" target=\"_blank\" rel=\"noreferrer noopener\">4<\/a><\/td><td><a href=\"https:\/\/ftp.bridgescanner.com\/page\/dzbs\/wyniki\/bc\/2024\/240311\/index.html\" target=\"_blank\" rel=\"noreferrer noopener\">11<\/a><\/td><td><a href=\"https:\/\/bkb.boleslawiec.pl\/wyniki\/2024\/240318\/\" target=\"_blank\" rel=\"noreferrer noopener\">18<\/a><\/td><td><a href=\"https:\/\/bkb.boleslawiec.pl\/wyniki\/2024\/240325\/\" target=\"_blank\" rel=\"noreferrer noopener\">25<\/a><\/td><td><\/td><\/tr><tr><td>luty<\/td><td><a href=\"https:\/\/bkb.boleslawiec.pl\/wyniki\/2024\/240205\/\" target=\"_blank\" rel=\"noreferrer noopener\">5<\/a><\/td><td><a href=\"https:\/\/bkb.boleslawiec.pl\/wyniki\/2024\/240212\/\" target=\"_blank\" rel=\"noreferrer noopener\">12<\/a><\/td><td><a href=\"https:\/\/bkb.boleslawiec.pl\/wyniki\/2024\/240219\/\" target=\"_blank\" rel=\"noreferrer noopener\">19<\/a><\/td><td><a href=\"https:\/\/bkb.boleslawiec.pl\/wyniki\/2024\/240226\/\" target=\"_blank\" rel=\"noreferrer noopener\">26<\/a><\/td><td><\/td><\/tr><tr><td>stycze\u0144<\/td><td><a href=\"https:\/\/bkb.boleslawiec.pl\/wyniki\/2024\/240108\/\" target=\"_blank\" rel=\"noreferrer noopener\">8<\/a><\/td><td><a href=\"https:\/\/bkb.boleslawiec.pl\/wyniki\/2024\/240115\/\" target=\"_blank\" rel=\"noreferrer noopener\">15<\/a><\/td><td><a href=\"https:\/\/bkb.boleslawiec.pl\/wyniki\/2024\/240122\/\" target=\"_blank\" rel=\"noreferrer noopener\">22<\/a><\/td><td><a href=\"https:\/\/bkb.boleslawiec.pl\/wyniki\/2024\/240129\/\" target=\"_blank\" rel=\"noreferrer noopener\">29<\/a><\/td><td><\/td><\/tr><\/tbody><\/table><\/figure>\n\n\n\n<p>Punktacja d\u0142ugofalowa<\/p>\n\n\n\n<figure class=\"wp-block-table\"><table><tbody><tr><td><a href=\"https:\/\/bkb.boleslawiec.pl\/wyniki\/2024\/lip-sie\/\">lipiec-sierpie\u0144<\/a><\/td><td><a href=\"https:\/\/bkb.boleslawiec.pl\/wyniki\/2024\/wrz-paz\/\">wrzesie\u0144-pa\u017adziernik<\/a><\/td><td><a href=\"https:\/\/bkb.boleslawiec.pl\/wyniki\/2024\/lis-gru\/\">listopad-grudzie\u0144<\/a><\/td><\/tr><tr><td><a href=\"https:\/\/bkb.boleslawiec.pl\/wyniki\/2024\/sty-lut\/\">stycze\u0144-luty<\/a><\/td><td><a href=\"https:\/\/bkb.boleslawiec.pl\/wyniki\/2024\/mar-kwi\/\" target=\"_blank\" rel=\"noreferrer noopener\">marzec-kwiecie\u0144<\/a><\/td><td><a href=\"https:\/\/bkb.boleslawiec.pl\/wyniki\/2024\/maj-cze\/\">maj-czerwiec<\/a><\/td><\/tr><\/tbody><\/table><\/figure>\n\n\n\n<h3><strong>Turnieje czwartkowe<\/strong><\/h3>\n\n\n<pre class=\"wp-block-code\"><code><\/code><\/pre>\n<figure class=\"wp-block-table\">\n<table>\n<tbody>\n<tr>\n<td>grudzie\u0144<\/td>\n<td><a href=\"https:\/\/bkb.boleslawiec.pl\/wyniki\/2024\/241205\/\" target=\"_blank\" rel=\"noreferrer noopener\">5 ind.<\/a><\/td>\n<td><a href=\"https:\/\/bkb.boleslawiec.pl\/wyniki\/2024\/241211\/\" target=\"_blank\" rel=\"noreferrer noopener\">11<\/a><\/td>\n<td><a href=\"https:\/\/bkb.boleslawiec.pl\/wyniki\/2024\/241219\/\" target=\"_blank\" rel=\"noreferrer noopener\">19<\/a><\/td>\n<td>&nbsp;<\/td>\n<\/tr>\n<tr>\n<td>listopad<\/td>\n<td><a href=\"https:\/\/bkb.boleslawiec.pl\/wyniki\/2024\/241107\/\" target=\"_blank\" rel=\"noreferrer noopener\">7<\/a><\/td>\n<td><a href=\"https:\/\/bkb.boleslawiec.pl\/wyniki\/2024\/241114\/\" target=\"_blank\" rel=\"noreferrer noopener\">14<\/a><\/td>\n<td><a href=\"https:\/\/bkb.boleslawiec.pl\/wyniki\/2024\/241121\/\" target=\"_blank\" rel=\"noreferrer noopener\">21<\/a><\/td>\n<td><a href=\"https:\/\/bkb.boleslawiec.pl\/wyniki\/2024\/241128\/\" target=\"_blank\" rel=\"noreferrer noopener\">28<\/a><\/td>\n<\/tr>\n<tr>\n<td>pa\u017adziernik<\/td>\n<td><a href=\"https:\/\/bkb.boleslawiec.pl\/wyniki\/2024\/241003\/\" target=\"_blank\" rel=\"noreferrer noopener\">3<\/a><\/td>\n<td><a href=\"https:\/\/bkb.boleslawiec.pl\/wyniki\/2024\/241010\/\" target=\"_blank\" rel=\"noreferrer noopener\">10<\/a><\/td>\n<td><a href=\"https:\/\/bkb.boleslawiec.pl\/wyniki\/2024\/241017\/\" target=\"_blank\" rel=\"noreferrer noopener\">17<\/a><\/td>\n<td><a href=\"https:\/\/bkb.boleslawiec.pl\/wyniki\/2024\/241024\/\" target=\"_blank\" rel=\"noreferrer noopener\">24<\/a><\/td>\n<\/tr>\n<tr>\n<td>wrzesie\u0144<\/td>\n<td><a href=\"https:\/\/bkb.boleslawiec.pl\/wyniki\/2024\/240905\/\" target=\"_blank\" rel=\"noreferrer noopener\">5<\/a><\/td>\n<td><a href=\"https:\/\/bkb.boleslawiec.pl\/wyniki\/2024\/240912\/\" target=\"_blank\" rel=\"noreferrer noopener\">12<\/a><\/td>\n<td><a href=\"https:\/\/bkb.boleslawiec.pl\/wyniki\/2024\/240919\/\" target=\"_blank\" rel=\"noreferrer noopener\">19<\/a><\/td>\n<td><a href=\"https:\/\/bkb.boleslawiec.pl\/wyniki\/2024\/240926\/\" target=\"_blank\" rel=\"noreferrer noopener\">26<\/a><\/td>\n<\/tr>\n<tr>\n<td>sierpie\u0144<\/td>\n<td><a href=\"https:\/\/bkb.boleslawiec.pl\/wyniki\/2024\/240801\/\" target=\"_blank\" rel=\"noreferrer noopener\">1<\/a><\/td>\n<td>&nbsp;<\/td>\n<td><a href=\"https:\/\/bkb.boleslawiec.pl\/wyniki\/2024\/240808\/\" target=\"_blank\" rel=\"noreferrer noopener\">8<\/a><\/td>\n<td><a href=\"https:\/\/bkb.boleslawiec.pl\/wyniki\/2024\/240822\/\" target=\"_blank\" rel=\"noreferrer noopener\">22<\/a><\/td>\n<\/tr>\n<tr>\n<td>lipiec<\/td>\n<td><a href=\"https:\/\/bkb.boleslawiec.pl\/wyniki\/2024\/240704\/\" target=\"_blank\" rel=\"noreferrer noopener\">4<\/a><\/td>\n<td><a href=\"https:\/\/bkb.boleslawiec.pl\/wyniki\/2024\/240711\/\" target=\"_blank\" rel=\"noreferrer noopener\">11<\/a><\/td>\n<td><a href=\"https:\/\/bkb.boleslawiec.pl\/wyniki\/2024\/240718\/\" target=\"_blank\" rel=\"noreferrer noopener\">18<\/a><\/td>\n<td><a href=\"https:\/\/bkb.boleslawiec.pl\/wyniki\/2024\/240725\/\" target=\"_blank\" rel=\"noreferrer noopener\">25<\/a><\/td>\n<\/tr>\n<tr>\n<td>czerwiec<\/td>\n<td><a href=\"https:\/\/bkb.boleslawiec.pl\/wyniki\/2024\/240606\/\" target=\"_blank\" rel=\"noreferrer noopener\">6<\/a><\/td>\n<td><a href=\"https:\/\/bkb.boleslawiec.pl\/wyniki\/2024\/240613\/\" target=\"_blank\" rel=\"noreferrer noopener\">13<\/a><\/td>\n<td><a href=\"https:\/\/bkb.boleslawiec.pl\/wyniki\/2024\/240620\/\" target=\"_blank\" rel=\"noreferrer noopener\">20<\/a><\/td>\n<\/tr>\n<tr>\n<td>maj<\/td>\n<td>&nbsp;<a href=\"https:\/\/bkb.boleslawiec.pl\/wyniki\/2024\/240502\/\" target=\"_blank\" rel=\"noreferrer noopener\">2<\/a><\/td>\n<td><a href=\"https:\/\/bkb.boleslawiec.pl\/wyniki\/2024\/240509\/\" target=\"_blank\" rel=\"noreferrer noopener\">9<\/a><\/td>\n<td><a href=\"https:\/\/bkb.boleslawiec.pl\/wyniki\/2024\/240516\/\" target=\"_blank\" rel=\"noreferrer noopener\">16<\/a><\/td>\n<td><a href=\"https:\/\/bkb.boleslawiec.pl\/wyniki\/2024\/240523\/\" target=\"_blank\" rel=\"noreferrer noopener\">23<\/a><\/td>\n<td><a href=\"https:\/\/bkb.boleslawiec.pl\/wyniki\/2024\/240530\/\" target=\"_blank\" rel=\"noreferrer noopener\">30<\/a><\/td>\n<\/tr>\n<tr>\n<td>kwiecie\u0144<\/td>\n<td>&nbsp;<a href=\"https:\/\/bkb.boleslawiec.pl\/wyniki\/2024\/240404\/\" target=\"_blank\" rel=\"noreferrer noopener\">4<\/a><\/td>\n<td><a href=\"https:\/\/bkb.boleslawiec.pl\/wyniki\/2024\/240411\/\" target=\"_blank\" rel=\"noreferrer noopener\">11<\/a><\/td>\n<td><a href=\"https:\/\/bkb.boleslawiec.pl\/wyniki\/2024\/240418\/\" target=\"_blank\" rel=\"noreferrer noopener\">18<\/a><\/td>\n<td><a href=\"https:\/\/bkb.boleslawiec.pl\/wyniki\/2024\/240425\/\" target=\"_blank\" rel=\"noreferrer noopener\">25<\/a><\/td>\n<\/tr>\n<tr>\n<td>marzec<\/td>\n<td>&nbsp;<a href=\"https:\/\/ftp.bridgescanner.com\/page\/dzbs\/wyniki\/bc\/2024\/240307\/index.html\" target=\"_blank\" rel=\"noreferrer noopener\">7<\/a><\/td>\n<td><a href=\"https:\/\/ftp.bridgescanner.com\/page\/dzbs\/wyniki\/bc\/2024\/240314\/index.html\" target=\"_blank\" rel=\"noreferrer noopener\">14<\/a><\/td>\n<td><a href=\"https:\/\/bkb.boleslawiec.pl\/wyniki\/2024\/240321\/\" target=\"_blank\" rel=\"noreferrer noopener\">21<\/a><\/td>\n<\/tr>\n<tr>\n<td>luty<\/td>\n<td>&nbsp;<a href=\"https:\/\/bkb.boleslawiec.pl\/wyniki\/2024\/240201\/\" target=\"_blank\" rel=\"noreferrer noopener\">1<\/a><\/td>\n<td><a href=\"https:\/\/bkb.boleslawiec.pl\/wyniki\/2024\/240208\/\" target=\"_blank\" rel=\"noreferrer noopener\">8<\/a><\/td>\n<td>&nbsp;<a href=\"https:\/\/bkb.boleslawiec.pl\/wyniki\/2024\/240215\/\" target=\"_blank\" rel=\"noreferrer noopener\">15<\/a><\/td>\n<td><a href=\"https:\/\/bkb.boleslawiec.pl\/wyniki\/2024\/240222\/\" target=\"_blank\" rel=\"noreferrer noopener\">22<\/a><\/td>\n<td><a href=\"https:\/\/bkb.boleslawiec.pl\/wyniki\/2024\/240229\/\" target=\"_blank\" rel=\"noreferrer noopener\">29<\/a>&nbsp;<\/td>\n<\/tr>\n<tr>\n<td>stycze\u0144<\/td>\n<td>&nbsp;<a href=\"https:\/\/ftp.bridgescanner.com\/page\/dzbs\/wyniki\/2024\/240104\/index.html\" target=\"_blank\" rel=\"noreferrer noopener\">4<\/a><\/td>\n<td><a href=\"https:\/\/bkb.boleslawiec.pl\/wyniki\/2024\/240111\/\" target=\"_blank\" rel=\"noreferrer noopener\">11<\/a><\/td>\n<td>&nbsp;<a href=\"https:\/\/bkb.boleslawiec.pl\/wyniki\/2024\/240118\/\" target=\"_blank\" rel=\"noreferrer noopener\">18<\/a><\/td>\n<td><a href=\"https:\/\/bkb.boleslawiec.pl\/wyniki\/2024\/240125\/\" target=\"_blank\" rel=\"noreferrer noopener\">25<\/a><\/td>\n<td>&nbsp;<\/td>\n<\/tr>\n<\/tbody>\n<\/table>\n<\/figure>\n<pre class=\"wp-block-code\"><code><\/code><\/pre>","protected":false},"excerpt":{"rendered":"<p>Turnieje poniedzia\u0142kowe grudzie\u0144 2 9 16 23 30 listopad 4 12 18 25 pa\u017adziernik 7 14 21 28 wrzesie\u0144 2 9 16 23 30 sierpie\u0144 5 12 19 26 lipiec 1 8 15 22 29 czerwiec 3 10 17 maj 6 13 20 27 kwiecie\u0144 2 8 15 22 29 marzec 4 11 18 25 &hellip; <a href=\"https:\/\/bkb.boleslawiec.pl\/?page_id=1545\" class=\"more-link\">Czytaj dalej <span class=\"screen-reader-text\">2024<\/span><\/a><\/p>\n","protected":false},"author":2,"featured_media":0,"parent":0,"menu_order":0,"comment_status":"closed","ping_status":"closed","template":"","meta":[],"_links":{"self":[{"href":"https:\/\/bkb.boleslawiec.pl\/index.php?rest_route=\/wp\/v2\/pages\/1545"}],"collection":[{"href":"https:\/\/bkb.boleslawiec.pl\/index.php?rest_route=\/wp\/v2\/pages"}],"about":[{"href":"https:\/\/bkb.boleslawiec.pl\/index.php?rest_route=\/wp\/v2\/types\/page"}],"author":[{"embeddable":true,"href":"https:\/\/bkb.boleslawiec.pl\/index.php?rest_route=\/wp\/v2\/users\/2"}],"replies":[{"embeddable":true,"href":"https:\/\/bkb.boleslawiec.pl\/index.php?rest_route=%2Fwp%2Fv2%2Fcomments&post=1545"}],"version-history":[{"count":118,"href":"https:\/\/bkb.boleslawiec.pl\/index.php?rest_route=\/wp\/v2\/pages\/1545\/revisions"}],"predecessor-version":[{"id":1772,"href":"https:\/\/bkb.boleslawiec.pl\/index.php?rest_route=\/wp\/v2\/pages\/1545\/revisions\/1772"}],"wp:attachment":[{"href":"https:\/\/bkb.boleslawiec.pl\/index.php?rest_route=%2Fwp%2Fv2%2Fmedia&parent=1545"}],"curies":[{"name":"wp","href":"https:\/\/api.w.org\/{rel}","templated":true}]}}