{"id":1341,"date":"2023-01-02T21:43:01","date_gmt":"2023-01-02T20:43:01","guid":{"rendered":"http:\/\/bkb.boleslawiec.pl\/?page_id=1341"},"modified":"2023-12-21T21:21:15","modified_gmt":"2023-12-21T20:21:15","slug":"2023-2","status":"publish","type":"page","link":"https:\/\/bkb.boleslawiec.pl\/?page_id=1341","title":{"rendered":"2023"},"content":{"rendered":"\n<h2><strong>Turnieje poniedzia\u0142kowe<\/strong><\/h2>\n\n\n\n<div class=\"is-layout-flex wp-container-2 wp-block-columns\">\n<div class=\"is-layout-flow wp-block-column\" style=\"flex-basis:100%\">\n<table>\n<tbody>\n<tr>\n<td width=\"100\">grudzie\u0144<\/td>\n<td width=\"60\"><a href=\"https:\/\/bkb.boleslawiec.pl\/wyniki\/2023\/231204\/\" target=\"_blank\" rel=\"noreferrer noopener\">4<\/a><\/td>\n<td width=\"60\"><a href=\"https:\/\/bkb.boleslawiec.pl\/wyniki\/2023\/231211\/\" target=\"_blank\" rel=\"noreferrer noopener\">11<\/a><\/td>\n<td width=\"60\"><a href=\"https:\/\/bkb.boleslawiec.pl\/wyniki\/2023\/231218\/\" target=\"_blank\" rel=\"noreferrer noopener\">18<\/a><\/td>\n<td width=\"60\">&nbsp;<\/td>\n<td width=\"60\">&nbsp;<\/td>\n<\/tr>\n<tr>\n<td width=\"100\">listopad<\/td>\n<td width=\"60\"><a href=\"https:\/\/bkb.boleslawiec.pl\/wyniki\/2023\/231106\/\" target=\"_blank\" rel=\"noreferrer noopener\">6<\/a><\/td>\n<td width=\"60\"><a href=\"https:\/\/bkb.boleslawiec.pl\/wyniki\/2023\/231113\/\" target=\"_blank\" rel=\"noreferrer noopener\">13<\/a><\/td>\n<td width=\"60\"><a href=\"https:\/\/bkb.boleslawiec.pl\/wyniki\/2023\/231120\/\" target=\"_blank\" rel=\"noreferrer noopener\">20<\/a><\/td>\n<td width=\"60\"><a href=\"https:\/\/bkb.boleslawiec.pl\/wyniki\/2023\/231127\/\" target=\"_blank\" rel=\"noreferrer noopener\">27<\/a><\/td>\n<td width=\"60\">&nbsp;<\/td>\n<\/tr>\n<tr>\n<td width=\"100\">pa\u017adziernik<\/td>\n<td width=\"60\"><a href=\"https:\/\/bkb.boleslawiec.pl\/wyniki\/2023\/231002\/\" target=\"_blank\" rel=\"noreferrer noopener\">2<\/a><\/td>\n<td width=\"60\"><a href=\"https:\/\/bkb.boleslawiec.pl\/wyniki\/2023\/231009\/\" target=\"_blank\" rel=\"noreferrer noopener\">9<\/a><\/td>\n<td width=\"60\"><a href=\"https:\/\/bkb.boleslawiec.pl\/wyniki\/2023\/231016\/\" target=\"_blank\" rel=\"noreferrer noopener\">16<\/a><\/td>\n<td width=\"60\"><a href=\"https:\/\/bkb.boleslawiec.pl\/wyniki\/2023\/231023\/\" target=\"_blank\" rel=\"noreferrer noopener\">23<\/a><\/td>\n<td width=\"60\"><a href=\"https:\/\/ftp.bridgescanner.com\/page\/dzbs\/wyniki\/2023\/231030\/index.html\" target=\"_blank\" rel=\"noreferrer noopener\">30<\/a><\/td>\n<\/tr>\n<tr>\n<td>wrzesie\u0144<\/td>\n<td><a href=\"https:\/\/bkb.boleslawiec.pl\/wyniki\/2023\/230904\/\" target=\"_blank\" rel=\"noreferrer noopener\">4<\/a><\/td>\n<td><a href=\"https:\/\/bkb.boleslawiec.pl\/wyniki\/2023\/230911\/\" target=\"_blank\" rel=\"noreferrer noopener\">11<\/a><\/td>\n<td><a href=\"https:\/\/bkb.boleslawiec.pl\/wyniki\/2023\/230918\/\" target=\"_blank\" rel=\"noreferrer noopener\">18<\/a><\/td>\n<td><a href=\"https:\/\/bkb.boleslawiec.pl\/wyniki\/2023\/230925\/\" target=\"_blank\" rel=\"noreferrer noopener\">25<\/a><\/td>\n<td>&nbsp;<\/td>\n<\/tr>\n<tr>\n<td>sierpie\u0144<\/td>\n<td><a href=\"https:\/\/bkb.boleslawiec.pl\/wyniki\/2023\/230807\/\" target=\"_blank\" rel=\"noreferrer noopener\">7<\/a><\/td>\n<td><a href=\"https:\/\/bkb.boleslawiec.pl\/wyniki\/2023\/230814\/\" target=\"_blank\" rel=\"noreferrer noopener\">14<\/a><\/td>\n<td><a href=\"https:\/\/bkb.boleslawiec.pl\/wyniki\/2023\/230821\/\" target=\"_blank\" rel=\"noreferrer noopener\">21<\/a><\/td>\n<td><a href=\"https:\/\/bkb.boleslawiec.pl\/wyniki\/2023\/230828\/\" target=\"_blank\" rel=\"noreferrer noopener\">28<\/a><\/td>\n<td>&nbsp;<\/td>\n<\/tr>\n<tr>\n<td>lipiec<\/td>\n<td><a href=\"https:\/\/bkb.boleslawiec.pl\/wyniki\/2023\/230703\/\" target=\"_blank\" rel=\"noreferrer noopener\">3<\/a><\/td>\n<td><a href=\"https:\/\/bkb.boleslawiec.pl\/wyniki\/2023\/230710\/\" target=\"_blank\" rel=\"noreferrer noopener\">10<\/a><\/td>\n<td><a href=\"https:\/\/bkb.boleslawiec.pl\/wyniki\/2023\/230717\/\" target=\"_blank\" rel=\"noreferrer noopener\">17<\/a><\/td>\n<td><a href=\"https:\/\/bkb.boleslawiec.pl\/wyniki\/2023\/230724\/\" target=\"_blank\" rel=\"noreferrer noopener\">24<\/a><\/td>\n<td><a href=\"https:\/\/bkb.boleslawiec.pl\/wyniki\/2023\/230731\/\" target=\"_blank\" rel=\"noreferrer noopener\">31<\/a><\/td>\n<\/tr>\n<tr>\n<td>czerwiec<\/td>\n<td><a href=\"https:\/\/bkb.boleslawiec.pl\/wyniki\/2023\/230605\/\" target=\"_blank\" rel=\"noreferrer noopener\">5<\/a><\/td>\n<td><a href=\"https:\/\/bkb.boleslawiec.pl\/wyniki\/2023\/230612\/\" target=\"_blank\" rel=\"noreferrer noopener\">12<\/a><\/td>\n<td><a href=\"https:\/\/bkb.boleslawiec.pl\/wyniki\/2023\/230619\/\" target=\"_blank\" rel=\"noreferrer noopener\">19<\/a><\/td>\n<td>&nbsp;<\/td>\n<td>&nbsp;<\/td>\n<\/tr>\n<tr>\n<td>maj<\/td>\n<td><a href=\"https:\/\/bkb.boleslawiec.pl\/wyniki\/2023\/230501\/\" target=\"_blank\" rel=\"noreferrer noopener\">1<\/a><\/td>\n<td><a href=\"https:\/\/bkb.boleslawiec.pl\/wyniki\/2023\/230508\/\" target=\"_blank\" rel=\"noreferrer noopener\">8<\/a><\/td>\n<td><a href=\"https:\/\/bkb.boleslawiec.pl\/wyniki\/2023\/230515\/\" target=\"_blank\" rel=\"noreferrer noopener\">15<\/a><\/td>\n<td><a href=\"https:\/\/bkb.boleslawiec.pl\/wyniki\/2023\/230522\/\" target=\"_blank\" rel=\"noreferrer noopener\">22<\/a><\/td>\n<td><a href=\"https:\/\/bkb.boleslawiec.pl\/wyniki\/2023\/230529\/\" target=\"_blank\" rel=\"noreferrer noopener\">29<\/a><\/td>\n<\/tr>\n<tr>\n<td>kwiecie\u0144<\/td>\n<td><a href=\"https:\/\/bkb.boleslawiec.pl\/wyniki\/2023\/230403\/\" target=\"_blank\" rel=\"noreferrer noopener\">3<\/a><\/td>\n<td><a href=\"https:\/\/bkb.boleslawiec.pl\/wyniki\/2023\/230411\/\" target=\"_blank\" rel=\"noreferrer noopener\">11<\/a><\/td>\n<td><a href=\"https:\/\/bkb.boleslawiec.pl\/wyniki\/2023\/230417\/\" target=\"_blank\" rel=\"noreferrer noopener\">17<\/a><\/td>\n<td><a href=\"https:\/\/bkb.boleslawiec.pl\/wyniki\/2023\/230424\/\" target=\"_blank\" rel=\"noreferrer noopener\">24<\/a><\/td>\n<td>&nbsp;<\/td>\n<\/tr>\n<tr>\n<td>marzec<\/td>\n<td><a href=\"https:\/\/bkb.boleslawiec.pl\/wyniki\/2023\/230306\/\" target=\"_blank\" rel=\"noreferrer noopener\">6<\/a><\/td>\n<td><a href=\"https:\/\/bkb.boleslawiec.pl\/wyniki\/2023\/230313\/\" target=\"_blank\" rel=\"noreferrer noopener\">13<\/a><\/td>\n<td><a href=\"https:\/\/bkb.boleslawiec.pl\/wyniki\/2023\/230320\/\" target=\"_blank\" rel=\"noreferrer noopener\">20<\/a><\/td>\n<td><a href=\"https:\/\/bkb.boleslawiec.pl\/wyniki\/2023\/230327\/\" target=\"_blank\" rel=\"noreferrer noopener\">27<\/a><\/td>\n<td>&nbsp;<\/td>\n<\/tr>\n<tr>\n<td>luty<\/td>\n<td><a href=\"https:\/\/bkb.boleslawiec.pl\/wyniki\/2023\/230206\/\" target=\"_blank\" rel=\"noreferrer noopener\">6<\/a><\/td>\n<td><a href=\"https:\/\/bkb.boleslawiec.pl\/wyniki\/2023\/230213\/\" target=\"_blank\" rel=\"noreferrer noopener\">13<\/a><\/td>\n<td><a href=\"https:\/\/bkb.boleslawiec.pl\/wyniki\/2023\/230220\/\" target=\"_blank\" rel=\"noreferrer noopener\">20<\/a><\/td>\n<td><a href=\"https:\/\/bkb.boleslawiec.pl\/wyniki\/2023\/230227\/\" target=\"_blank\" rel=\"noreferrer noopener\">27<\/a><\/td>\n<td>&nbsp;<\/td>\n<\/tr>\n<tr>\n<td>stycze\u0144<\/td>\n<td><a href=\"https:\/\/bkb.boleslawiec.pl\/wyniki\/2023\/230102\/\" target=\"_blank\" rel=\"noreferrer noopener\">2<\/a><\/td>\n<td><a href=\"https:\/\/bkb.boleslawiec.pl\/wyniki\/2023\/230109\/\" target=\"_blank\" rel=\"noreferrer noopener\">9<\/a><\/td>\n<td><a href=\"https:\/\/bkb.boleslawiec.pl\/wyniki\/2023\/230116\/\" target=\"_blank\" rel=\"noreferrer noopener\">16<\/a><\/td>\n<td><a href=\"https:\/\/bkb.boleslawiec.pl\/wyniki\/2023\/230123\/\" target=\"_blank\" rel=\"noreferrer noopener\">23<\/a><\/td>\n<td><a href=\"https:\/\/bkb.boleslawiec.pl\/wyniki\/2023\/230130\/\" target=\"_blank\" rel=\"noreferrer noopener\">30<\/a><\/td>\n<\/tr>\n<\/tbody>\n<\/table>\n<\/div>\n<\/div>\n\n\n\n<p>Punktacja d\u0142ugofalowa<\/p>\n\n\n\n<figure class=\"wp-block-table\"><table><tbody><tr><td><a href=\"https:\/\/bkb.boleslawiec.pl\/wyniki\/2023\/lip-sie\/\">lipiec-sierpie\u0144<\/a><\/td><td><a href=\"https:\/\/bkb.boleslawiec.pl\/wyniki\/2023\/wrz-paz\/\">wrzesie\u0144-pa\u017adziernik<\/a><\/td><td><a href=\"https:\/\/bkb.boleslawiec.pl\/wyniki\/2023\/lis-gru\/\" target=\"_blank\" rel=\"noreferrer noopener\">listopad-grudzie\u0144<\/a><\/td><\/tr><tr><td><a href=\"https:\/\/bkb.boleslawiec.pl\/wyniki\/2023\/sty-lut\/\">stycze\u0144-luty<\/a><\/td><td><a href=\"https:\/\/bkb.boleslawiec.pl\/wyniki\/2023\/mar-kwi\/\">marzec-kwiecie\u0144<\/a><\/td><td><a href=\"https:\/\/bkb.boleslawiec.pl\/wyniki\/2023\/maj-cze\/\">maj-czerwiec<\/a><\/td><\/tr><\/tbody><\/table><\/figure>\n\n\n\n<h3><strong>Turnieje czwartkowe<\/strong><\/h3>\n\n\n<table>\n<tbody>\n<tr>\n<td width=\"100\">listopad<\/td>\n<td width=\"60\"><a href=\"https:\/\/bkb.boleslawiec.pl\/wyniki\/2023\/231207\/\" target=\"_blank\" rel=\"noreferrer noopener\">7-ind<\/a><\/td>\n<td width=\"60\"><a href=\"https:\/\/bkb.boleslawiec.pl\/wyniki\/2023\/231214\/\" target=\"_blank\" rel=\"noreferrer noopener\">14<\/a><\/td>\n<td width=\"60\"><a href=\"https:\/\/ftp.bridgescanner.com\/page\/dzbs\/wyniki\/2023\/231221\/index.html\" target=\"_blank\" rel=\"noreferrer noopener\">21<\/a><\/td>\n<td width=\"60\">\u00a0<\/td>\n<td width=\"60\">\u00a0<\/td>\n<\/tr>\n<tr>\n<td width=\"100\">listopad<\/td>\n<td width=\"60\"><a href=\"https:\/\/bkb.boleslawiec.pl\/wyniki\/2023\/231102\/\" target=\"_blank\" rel=\"noreferrer noopener\">2<\/a><\/td>\n<td width=\"60\"><a href=\"https:\/\/bkb.boleslawiec.pl\/wyniki\/2023\/231109\/\" target=\"_blank\" rel=\"noreferrer noopener\">9<\/a><\/td>\n<td width=\"60\"><a href=\"https:\/\/bkb.boleslawiec.pl\/wyniki\/2023\/231116\/\" target=\"_blank\" rel=\"noreferrer noopener\">16<\/a><\/td>\n<td width=\"60\"><a href=\"https:\/\/bkb.boleslawiec.pl\/wyniki\/2023\/231123\/\" target=\"_blank\" rel=\"noreferrer noopener\">23<\/a><\/td>\n<td width=\"60\"><a href=\"https:\/\/bkb.boleslawiec.pl\/wyniki\/2023\/231130\/\" target=\"_blank\" rel=\"noreferrer noopener\">30<\/a><\/td>\n<\/tr>\n<tr>\n<td width=\"100\">pa\u017adziernik<\/td>\n<td width=\"60\"><a href=\"https:\/\/bkb.boleslawiec.pl\/wyniki\/2023\/231005\/\" target=\"_blank\" rel=\"noreferrer noopener\">5<\/a><\/td>\n<td width=\"60\"><a href=\"https:\/\/bkb.boleslawiec.pl\/wyniki\/2023\/231012\/\" target=\"_blank\" rel=\"noreferrer noopener\">12<\/a><\/td>\n<td width=\"60\"><a href=\"https:\/\/bkb.boleslawiec.pl\/wyniki\/2023\/231019\/\" target=\"_blank\" rel=\"noreferrer noopener\">19<\/a><\/td>\n<td width=\"60\"><a href=\"https:\/\/ftp.bridgescanner.com\/page\/dzbs\/wyniki\/2023\/231026\/index.html\" target=\"_blank\" rel=\"noreferrer noopener\">26<\/a><\/td>\n<td width=\"60\">\u00a0<\/td>\n<\/tr>\n<tr>\n<td>wrzesie\u0144<\/td>\n<td>\u00a0<a href=\"https:\/\/bkb.boleslawiec.pl\/wyniki\/2023\/230907\/\" target=\"_blank\" rel=\"noreferrer noopener\">7<\/a><\/td>\n<td><a href=\"https:\/\/bkb.boleslawiec.pl\/wyniki\/2023\/230914\/\" target=\"_blank\" rel=\"noreferrer noopener\">14<\/a><\/td>\n<td>\u00a0<a href=\"https:\/\/bkb.boleslawiec.pl\/wyniki\/2023\/230921\/\" target=\"_blank\" rel=\"noreferrer noopener\">21<\/a><\/td>\n<td><a href=\"https:\/\/bkb.boleslawiec.pl\/wyniki\/2023\/230928\/\" target=\"_blank\" rel=\"noreferrer noopener\">28<\/a><\/td>\n<td>\u00a0<\/td>\n<\/tr>\n<tr>\n<td>sierpie\u0144<\/td>\n<td>\u00a0<a href=\"https:\/\/bkb.boleslawiec.pl\/wyniki\/2023\/230803\/\" target=\"_blank\" rel=\"noreferrer noopener\">3<\/a><\/td>\n<td><a href=\"https:\/\/bkb.boleslawiec.pl\/wyniki\/2023\/230810\/\" target=\"_blank\" rel=\"noreferrer noopener\">10<\/a><\/td>\n<td>\u00a0<a href=\"https:\/\/bkb.boleslawiec.pl\/wyniki\/2023\/230824\/\" target=\"_blank\" rel=\"noreferrer noopener\">24<\/a><\/td>\n<td>\u00a0<\/td>\n<td>\u00a0<\/td>\n<\/tr>\n<tr>\n<td>lipiec<\/td>\n<td>\u00a0<a href=\"https:\/\/bkb.boleslawiec.pl\/wyniki\/2023\/230706\/\" target=\"_blank\" rel=\"noreferrer noopener\">6<\/a><\/td>\n<td><a href=\"https:\/\/bkb.boleslawiec.pl\/wyniki\/2023\/230713\/\" target=\"_blank\" rel=\"noreferrer noopener\">13<\/a><\/td>\n<td>\u00a0<a href=\"https:\/\/bkb.boleslawiec.pl\/wyniki\/2023\/230720\/\" target=\"_blank\" rel=\"noreferrer noopener\">20<\/a><\/td>\n<td><a href=\"https:\/\/bkb.boleslawiec.pl\/wyniki\/2023\/230727\/\" target=\"_blank\" rel=\"noreferrer noopener\">27<\/a><\/td>\n<td>\u00a0<\/td>\n<\/tr>\n<tr>\n<td>czerwiec<\/td>\n<td>\u00a0<a href=\"https:\/\/bkb.boleslawiec.pl\/wyniki\/2023\/230601\/\" target=\"_blank\" rel=\"noreferrer noopener\">1<\/a><\/td>\n<td><a href=\"https:\/\/bkb.boleslawiec.pl\/wyniki\/2023\/230608\/\" target=\"_blank\" rel=\"noreferrer noopener\">8<\/a><\/td>\n<td>\u00a0<a href=\"https:\/\/bkb.boleslawiec.pl\/wyniki\/2023\/230615\/\" target=\"_blank\" rel=\"noreferrer noopener\">15<\/a><\/td>\n<td><a href=\"https:\/\/bkb.boleslawiec.pl\/wyniki\/2023\/230622\/\" target=\"_blank\" rel=\"noreferrer noopener\">22<\/a><\/td>\n<td>\u00a0<\/td>\n<\/tr>\n<tr>\n<td>maj<\/td>\n<td>\u00a0<a href=\"https:\/\/bkb.boleslawiec.pl\/wyniki\/2023\/230504\/\" target=\"_blank\" rel=\"noreferrer noopener\">4<\/a><\/td>\n<td><a href=\"https:\/\/bkb.boleslawiec.pl\/wyniki\/2023\/230511\/\" target=\"_blank\" rel=\"noreferrer noopener\">11<\/a><\/td>\n<td>\u00a0<a href=\"https:\/\/bkb.boleslawiec.pl\/wyniki\/2023\/230518\/\" target=\"_blank\" rel=\"noreferrer noopener\">18<\/a><\/td>\n<td><a href=\"https:\/\/bkb.boleslawiec.pl\/wyniki\/2023\/230525\/\" target=\"_blank\" rel=\"noreferrer noopener\">25<\/a><\/td>\n<td>\u00a0<\/td>\n<\/tr>\n<tr>\n<td>kwiecie\u0144<\/td>\n<td>\u00a0<a href=\"https:\/\/bkb.boleslawiec.pl\/wyniki\/2023\/230406\/\" target=\"_blank\" rel=\"noreferrer noopener\">6<\/a><\/td>\n<td><a href=\"https:\/\/bkb.boleslawiec.pl\/wyniki\/2023\/230413\/\" target=\"_blank\" rel=\"noreferrer noopener\">13<\/a><\/td>\n<td>\u00a0<a href=\"https:\/\/bkb.boleslawiec.pl\/wyniki\/2023\/230420\/\" target=\"_blank\" rel=\"noreferrer noopener\">20<\/a><\/td>\n<td><a href=\"https:\/\/bkb.boleslawiec.pl\/wyniki\/2023\/230427\/\" target=\"_blank\" rel=\"noreferrer noopener\">27<\/a><\/td>\n<td>\u00a0<\/td>\n<\/tr>\n<tr>\n<td>marzec<\/td>\n<td>\u00a0<a href=\"https:\/\/bkb.boleslawiec.pl\/wyniki\/2023\/230302\/\" target=\"_blank\" rel=\"noreferrer noopener\">2<\/a><\/td>\n<td><a href=\"https:\/\/bkb.boleslawiec.pl\/wyniki\/2023\/230309\/\" target=\"_blank\" rel=\"noreferrer noopener\">9<\/a><\/td>\n<td>\u00a0<a href=\"https:\/\/bkb.boleslawiec.pl\/wyniki\/2023\/230316\/\" target=\"_blank\" rel=\"noreferrer noopener\">16<\/a><\/td>\n<td><a href=\"https:\/\/bkb.boleslawiec.pl\/wyniki\/2023\/230323\/\" target=\"_blank\" rel=\"noreferrer noopener\">23<\/a><\/td>\n<td><a href=\"https:\/\/bkb.boleslawiec.pl\/wyniki\/2023\/230330\/\" target=\"_blank\" rel=\"noreferrer noopener\">30<\/a><\/td>\n<\/tr>\n<tr>\n<td>luty<\/td>\n<td>\u00a0<a href=\"https:\/\/bkb.boleslawiec.pl\/wyniki\/2023\/230202\/\" target=\"_blank\" rel=\"noreferrer noopener\">2<\/a><\/td>\n<td><a href=\"https:\/\/bkb.boleslawiec.pl\/wyniki\/2023\/230209\/\" target=\"_blank\" rel=\"noreferrer noopener\">9<\/a><\/td>\n<td>\u00a0<a href=\"https:\/\/bkb.boleslawiec.pl\/wyniki\/2023\/230216\/\" target=\"_blank\" rel=\"noreferrer noopener\">16<\/a><\/td>\n<td><a href=\"https:\/\/bkb.boleslawiec.pl\/wyniki\/2023\/230223\/\" target=\"_blank\" rel=\"noreferrer noopener\">23<\/a><\/td>\n<td>\u00a0<\/td>\n<\/tr>\n<tr>\n<td>stycze\u0144<\/td>\n<td>\u00a0<a href=\"https:\/\/bkb.boleslawiec.pl\/wyniki\/2023\/230104\/\" target=\"_blank\" rel=\"noreferrer noopener\">4<\/a><\/td>\n<td><a href=\"https:\/\/bkb.boleslawiec.pl\/wyniki\/2023\/230112\/\" target=\"_blank\" rel=\"noreferrer noopener\">12<\/a><\/td>\n<td>\u00a0<a href=\"https:\/\/bkb.boleslawiec.pl\/wyniki\/2023\/230119\/W-bc20230119.html\" target=\"_blank\" rel=\"noreferrer noopener\">19<\/a><\/td>\n<td><a href=\"https:\/\/bkb.boleslawiec.pl\/wyniki\/2023\/230126\/\" target=\"_blank\" rel=\"noreferrer noopener\">26<\/a><\/td>\n<td>\u00a0<\/td>\n<\/tr>\n<\/tbody>\n<\/table>","protected":false},"excerpt":{"rendered":"<p>Turnieje poniedzia\u0142kowe grudzie\u0144 4 11 18 &nbsp; &nbsp; listopad 6 13 20 27 &nbsp; pa\u017adziernik 2 9 16 23 30 wrzesie\u0144 4 11 18 25 &nbsp; sierpie\u0144 7 14 21 28 &nbsp; lipiec 3 10 17 24 31 czerwiec 5 12 19 &nbsp; &nbsp; maj 1 8 15 22 29 kwiecie\u0144 3 11 17 24 &hellip; <a href=\"https:\/\/bkb.boleslawiec.pl\/?page_id=1341\" class=\"more-link\">Czytaj dalej <span class=\"screen-reader-text\">2023<\/span><\/a><\/p>\n","protected":false},"author":2,"featured_media":0,"parent":0,"menu_order":0,"comment_status":"closed","ping_status":"closed","template":"","meta":[],"_links":{"self":[{"href":"https:\/\/bkb.boleslawiec.pl\/index.php?rest_route=\/wp\/v2\/pages\/1341"}],"collection":[{"href":"https:\/\/bkb.boleslawiec.pl\/index.php?rest_route=\/wp\/v2\/pages"}],"about":[{"href":"https:\/\/bkb.boleslawiec.pl\/index.php?rest_route=\/wp\/v2\/types\/page"}],"author":[{"embeddable":true,"href":"https:\/\/bkb.boleslawiec.pl\/index.php?rest_route=\/wp\/v2\/users\/2"}],"replies":[{"embeddable":true,"href":"https:\/\/bkb.boleslawiec.pl\/index.php?rest_route=%2Fwp%2Fv2%2Fcomments&post=1341"}],"version-history":[{"count":129,"href":"https:\/\/bkb.boleslawiec.pl\/index.php?rest_route=\/wp\/v2\/pages\/1341\/revisions"}],"predecessor-version":[{"id":1540,"href":"https:\/\/bkb.boleslawiec.pl\/index.php?rest_route=\/wp\/v2\/pages\/1341\/revisions\/1540"}],"wp:attachment":[{"href":"https:\/\/bkb.boleslawiec.pl\/index.php?rest_route=%2Fwp%2Fv2%2Fmedia&parent=1341"}],"curies":[{"name":"wp","href":"https:\/\/api.w.org\/{rel}","templated":true}]}}